{"id":7,"date":"2019-10-15T10:27:15","date_gmt":"2019-10-15T10:27:15","guid":{"rendered":"http:\/\/nowa.cnctechnika.pl\/index.php\/produkt\/produkt\/"},"modified":"2020-04-14T06:51:04","modified_gmt":"2020-04-14T06:51:04","slug":"stol-krzyzowy","status":"publish","type":"product","link":"https:\/\/nowa.cnctechnika.pl\/en\/produkt\/stol-krzyzowy\/","title":{"rendered":"St\u00f3\u0142 krzy\u017cowy"},"content":{"rendered":"<p>St\u00f3\u0142 krzy\u017cowy \u2013 opcjonalne wyposa\u017cenie ka\u017cdej prasy do hot stampingu produkowanej przez CNCTECHNIK\u0118. Montowane pod st\u00f3\u0142 roboczy, pozwalaj\u0105ce na precyzyjne ustawienie z\u0142oconego obiektu wraz ze sto\u0142em roboczym wzgl\u0119dem matrycy zamontowanej na p\u0142ycie grzejnej. St\u00f3\u0142 krzy\u017cowy umo\u017cliwia przesuni\u0119cie sto\u0142u roboczego wraz ze z\u0142oconym materia\u0142em w osi X, w osi Y oraz k\u0105towo.<\/p>\n","protected":false},"excerpt":{"rendered":"<p>St\u00f3\u0142 krzy\u017cowy \u2013 opcjonalne wyposa\u017cenie ka\u017cdej prasy do hot stampingu produkowanej przez CNCTECHNIK\u0118. Montowane pod st\u00f3\u0142 roboczy, pozwalaj\u0105ce na precyzyjne ustawienie z\u0142oconego obiektu wraz ze sto\u0142em roboczym wzgl\u0119dem matrycy zamontowanej na p\u0142ycie grzejnej. St\u00f3\u0142 krzy\u017cowy umo\u017cliwia przesuni\u0119cie sto\u0142u roboczego wraz ze z\u0142oconym materia\u0142em w osi X, w osi Y oraz k\u0105towo.<\/p>\n","protected":false},"featured_media":1798,"template":"","meta":[],"_links":{"self":[{"href":"https:\/\/nowa.cnctechnika.pl\/en\/wp-json\/wp\/v2\/product\/7"}],"collection":[{"href":"https:\/\/nowa.cnctechnika.pl\/en\/wp-json\/wp\/v2\/product"}],"about":[{"href":"https:\/\/nowa.cnctechnika.pl\/en\/wp-json\/wp\/v2\/types\/product"}],"wp:featuredmedia":[{"embeddable":true,"href":"https:\/\/nowa.cnctechnika.pl\/en\/wp-json\/wp\/v2\/media\/1798"}],"wp:attachment":[{"href":"https:\/\/nowa.cnctechnika.pl\/en\/wp-json\/wp\/v2\/media?parent=7"}],"curies":[{"name":"wp","href":"https:\/\/api.w.org\/{rel}","templated":true}]}}