{"id":2905,"date":"2020-09-18T13:50:51","date_gmt":"2020-09-18T13:50:51","guid":{"rendered":"http:\/\/nowa.cnctechnika.pl\/?post_type=product&#038;p=2905"},"modified":"2020-09-25T12:52:55","modified_gmt":"2020-09-25T12:52:55","slug":"szczotka-do-oklejarki-k8","status":"publish","type":"product","link":"https:\/\/nowa.cnctechnika.pl\/en\/produkt\/szczotka-do-oklejarki-k8\/","title":{"rendered":"Szczotka do oklejarki K8"},"content":{"rendered":"<p>Szczotka usuwaj\u0105ca py\u0142 papierowy po frezowaniu bloku. Zapobiega przedostawaniu si\u0119 py\u0142u papierowego do klejownika, a przez to przypalaniu si\u0119 kleju.<\/p>\n","protected":false},"excerpt":{"rendered":"<p>Szczotka usuwaj\u0105ca py\u0142 papierowy po frezowaniu bloku. Zapobiega przedostawaniu si\u0119 py\u0142u papierowego do klejownika, a przez to przypalaniu si\u0119 kleju.<\/p>\n","protected":false},"featured_media":2903,"template":"","meta":[],"_links":{"self":[{"href":"https:\/\/nowa.cnctechnika.pl\/en\/wp-json\/wp\/v2\/product\/2905"}],"collection":[{"href":"https:\/\/nowa.cnctechnika.pl\/en\/wp-json\/wp\/v2\/product"}],"about":[{"href":"https:\/\/nowa.cnctechnika.pl\/en\/wp-json\/wp\/v2\/types\/product"}],"wp:featuredmedia":[{"embeddable":true,"href":"https:\/\/nowa.cnctechnika.pl\/en\/wp-json\/wp\/v2\/media\/2903"}],"wp:attachment":[{"href":"https:\/\/nowa.cnctechnika.pl\/en\/wp-json\/wp\/v2\/media?parent=2905"}],"curies":[{"name":"wp","href":"https:\/\/api.w.org\/{rel}","templated":true}]}}