{"id":2893,"date":"2020-09-18T13:30:59","date_gmt":"2020-09-18T13:30:59","guid":{"rendered":"http:\/\/nowa.cnctechnika.pl\/?post_type=product&#038;p=2893"},"modified":"2020-09-25T13:06:07","modified_gmt":"2020-09-25T13:06:07","slug":"klej-do-oklejarki-k3","status":"publish","type":"product","link":"https:\/\/nowa.cnctechnika.pl\/en\/produkt\/klej-do-oklejarki-k3\/","title":{"rendered":"Klej do oklejarki K3"},"content":{"rendered":"<p>Klej termotopliwy w granulacie (hot-met) do klejenia blok\u00f3w ksi\u0105\u017cek i notes\u00f3w oraz zespalania ich z ok\u0142adk\u0105 mi\u0119kk\u0105. Po roztopieniu kleju i wykonaniu pracy, klej pozostaje do zastygni\u0119cia w klejowniku oklejarki (bez konieczno\u015bci czyszczenia wa\u0142k\u00f3w klejowych). Klej mo\u017ce by\u0107 rozgrzewany i studzony wielokrotnie.<\/p>\n","protected":false},"excerpt":{"rendered":"<p>Klej termotopliwy w granulacie (hot-met) do klejenia blok\u00f3w ksi\u0105\u017cek i notes\u00f3w oraz zespalania ich z ok\u0142adk\u0105 mi\u0119kk\u0105. Po roztopieniu kleju i wykonaniu pracy, klej pozostaje do zastygni\u0119cia w klejowniku oklejarki (bez konieczno\u015bci czyszczenia wa\u0142k\u00f3w klejowych). Klej mo\u017ce by\u0107 rozgrzewany i studzony wielokrotnie.<\/p>\n","protected":false},"featured_media":2894,"template":"","meta":[],"_links":{"self":[{"href":"https:\/\/nowa.cnctechnika.pl\/en\/wp-json\/wp\/v2\/product\/2893"}],"collection":[{"href":"https:\/\/nowa.cnctechnika.pl\/en\/wp-json\/wp\/v2\/product"}],"about":[{"href":"https:\/\/nowa.cnctechnika.pl\/en\/wp-json\/wp\/v2\/types\/product"}],"wp:featuredmedia":[{"embeddable":true,"href":"https:\/\/nowa.cnctechnika.pl\/en\/wp-json\/wp\/v2\/media\/2894"}],"wp:attachment":[{"href":"https:\/\/nowa.cnctechnika.pl\/en\/wp-json\/wp\/v2\/media?parent=2893"}],"curies":[{"name":"wp","href":"https:\/\/api.w.org\/{rel}","templated":true}]}}