{"id":2869,"date":"2020-09-18T10:49:33","date_gmt":"2020-09-18T10:49:33","guid":{"rendered":"http:\/\/nowa.cnctechnika.pl\/?post_type=product&#038;p=2869"},"modified":"2020-09-18T10:49:33","modified_gmt":"2020-09-18T10:49:33","slug":"listwa-podnozowa-do-gilotyny-r5210","status":"publish","type":"product","link":"https:\/\/nowa.cnctechnika.pl\/en\/produkt\/listwa-podnozowa-do-gilotyny-r5210\/","title":{"rendered":"Listwa podno\u017cowa do gilotyny R5210"},"content":{"rendered":"<div class=\"wprt-container\">\n<p>Wymienna listwa podno\u017cwa (szpalta).<\/p>\n<p>Wymiary:<\/p>\n<p>D\u0142ogo\u015b\u0107: 520mm<\/p>\n<p>Przekr\u00f3j: 14mm x 14mm<\/p>\n<\/div>\n","protected":false},"excerpt":{"rendered":"<p>Wymienna listwa podno\u017cwa (szpalta). Wymiary: D\u0142ogo\u015b\u0107: 520mm Przekr\u00f3j: 14mm x 14mm<\/p>\n","protected":false},"featured_media":2870,"template":"","meta":[],"_links":{"self":[{"href":"https:\/\/nowa.cnctechnika.pl\/en\/wp-json\/wp\/v2\/product\/2869"}],"collection":[{"href":"https:\/\/nowa.cnctechnika.pl\/en\/wp-json\/wp\/v2\/product"}],"about":[{"href":"https:\/\/nowa.cnctechnika.pl\/en\/wp-json\/wp\/v2\/types\/product"}],"wp:featuredmedia":[{"embeddable":true,"href":"https:\/\/nowa.cnctechnika.pl\/en\/wp-json\/wp\/v2\/media\/2870"}],"wp:attachment":[{"href":"https:\/\/nowa.cnctechnika.pl\/en\/wp-json\/wp\/v2\/media?parent=2869"}],"curies":[{"name":"wp","href":"https:\/\/api.w.org\/{rel}","templated":true}]}}