{"id":2858,"date":"2020-09-18T10:34:18","date_gmt":"2020-09-18T10:34:18","guid":{"rendered":"http:\/\/nowa.cnctechnika.pl\/?post_type=product&#038;p=2858"},"modified":"2021-07-16T11:06:33","modified_gmt":"2021-07-16T11:06:33","slug":"listwa-podnozowa-do-gilotyny-4608","status":"publish","type":"product","link":"https:\/\/nowa.cnctechnika.pl\/en\/produkt\/listwa-podnozowa-do-gilotyny-4608\/","title":{"rendered":"Listwa podno\u017cowa do gilotyny 4606"},"content":{"rendered":"<p>&nbsp;<\/p>\n<p>Wymienna listwa podno\u017cwa (szpalta).<\/p>\n<p>Wymiary:<\/p>\n<p>D\u0142ogo\u015b\u0107: 490mm<\/p>\n<p>Przekr\u00f3j: 14mm x 14mm<\/p>\n","protected":false},"excerpt":{"rendered":"<p>&nbsp; Wymienna listwa podno\u017cwa (szpalta). Wymiary: D\u0142ogo\u015b\u0107: 490mm Przekr\u00f3j: 14mm x 14mm<\/p>\n","protected":false},"featured_media":2859,"template":"","meta":[],"_links":{"self":[{"href":"https:\/\/nowa.cnctechnika.pl\/en\/wp-json\/wp\/v2\/product\/2858"}],"collection":[{"href":"https:\/\/nowa.cnctechnika.pl\/en\/wp-json\/wp\/v2\/product"}],"about":[{"href":"https:\/\/nowa.cnctechnika.pl\/en\/wp-json\/wp\/v2\/types\/product"}],"wp:featuredmedia":[{"embeddable":true,"href":"https:\/\/nowa.cnctechnika.pl\/en\/wp-json\/wp\/v2\/media\/2859"}],"wp:attachment":[{"href":"https:\/\/nowa.cnctechnika.pl\/en\/wp-json\/wp\/v2\/media?parent=2858"}],"curies":[{"name":"wp","href":"https:\/\/api.w.org\/{rel}","templated":true}]}}