{"id":2832,"date":"2020-09-16T07:10:25","date_gmt":"2020-09-16T07:10:25","guid":{"rendered":"http:\/\/nowa.cnctechnika.pl\/produkt\/foliarka-hi-tech-f350-a-copy-3\/"},"modified":"2020-09-16T07:13:29","modified_gmt":"2020-09-16T07:13:29","slug":"foliarka-hi-tech-f350-a-copy-3","status":"publish","type":"product","link":"https:\/\/nowa.cnctechnika.pl\/en\/produkt\/foliarka-hi-tech-f350-a-copy-3\/","title":{"rendered":"FOLIARKA HI &#8211; TECH F350 D"},"content":{"rendered":"<p>&nbsp;<\/p>\n<ul>\n<li>foliowanie na gor\u0105co i zimno<\/li>\n<li>foliowanie jedno i dwustronne<\/li>\n<li>automatyczna separacja arkuszy<\/li>\n<li>automatyczne pobieranie arkuszy<\/li>\n<\/ul>\n<p>&nbsp;<\/p>\n<table>\n<tbody>\n<tr>\n<td>max. szeroko\u015b\u0107 laminacji<\/td>\n<td>340 mm<\/td>\n<\/tr>\n<tr>\n<td>max. szeroko\u015b\u0107 arkusza<\/td>\n<td>350 mm<\/td>\n<\/tr>\n<tr>\n<td>pr\u0119dko\u015b\u0107 foliowania<\/td>\n<td>0,5 &#8211; 5 m\/min<\/td>\n<\/tr>\n<tr>\n<td>zakres temperatury<\/td>\n<td>40 &#8211; 150 \u00b0C<\/td>\n<\/tr>\n<tr>\n<td>grubo\u015b\u0107 folii<\/td>\n<td>do 20 mic<\/td>\n<\/tr>\n<tr>\n<td>\u015brednica rolki folii (o d\u0142.1000m.\/25 mic.)<\/td>\n<td>210 mim<\/td>\n<\/tr>\n<tr>\n<td>czas nagrzewania<\/td>\n<td>15 min<\/td>\n<\/tr>\n<tr>\n<td>zasilanie<\/td>\n<td>230 V<\/td>\n<\/tr>\n<tr>\n<td>pob\u00f3r mocy<\/td>\n<td>1500 W<\/td>\n<\/tr>\n<tr>\n<td>waga maszyny<\/td>\n<td>62 kg<\/td>\n<\/tr>\n<tr>\n<td>wym. maszyny (szer. x g\u0142. x wys.)<\/td>\n<td>640 x 900 x 540 mm<\/td>\n<\/tr>\n<\/tbody>\n<\/table>\n","protected":false},"excerpt":{"rendered":"<p>&nbsp; foliowanie na gor\u0105co i zimno foliowanie jedno i dwustronne automatyczna separacja arkuszy automatyczne pobieranie arkuszy &nbsp; max. szeroko\u015b\u0107 laminacji 340 mm max. szeroko\u015b\u0107 arkusza 350 mm pr\u0119dko\u015b\u0107 foliowania 0,5 &#8211; 5 m\/min zakres temperatury 40 &#8211; 150 \u00b0C grubo\u015b\u0107 folii do 20 mic \u015brednica rolki folii (o d\u0142.1000m.\/25 mic.) 210 mim czas nagrzewania 15 [&hellip;]<\/p>\n","protected":false},"featured_media":2834,"template":"","meta":[],"_links":{"self":[{"href":"https:\/\/nowa.cnctechnika.pl\/en\/wp-json\/wp\/v2\/product\/2832"}],"collection":[{"href":"https:\/\/nowa.cnctechnika.pl\/en\/wp-json\/wp\/v2\/product"}],"about":[{"href":"https:\/\/nowa.cnctechnika.pl\/en\/wp-json\/wp\/v2\/types\/product"}],"wp:featuredmedia":[{"embeddable":true,"href":"https:\/\/nowa.cnctechnika.pl\/en\/wp-json\/wp\/v2\/media\/2834"}],"wp:attachment":[{"href":"https:\/\/nowa.cnctechnika.pl\/en\/wp-json\/wp\/v2\/media?parent=2832"}],"curies":[{"name":"wp","href":"https:\/\/api.w.org\/{rel}","templated":true}]}}