{"id":2807,"date":"2020-09-14T11:29:15","date_gmt":"2020-09-14T11:29:15","guid":{"rendered":"http:\/\/nowa.cnctechnika.pl\/?post_type=product&#038;p=2807"},"modified":"2020-09-14T11:57:49","modified_gmt":"2020-09-14T11:57:49","slug":"zszywki-66-6-2","status":"publish","type":"product","link":"https:\/\/nowa.cnctechnika.pl\/en\/produkt\/zszywki-66-6-2\/","title":{"rendered":"Zszywki 66\/6"},"content":{"rendered":"<ul>\n<li>przeznaczone do zszywaczy r\u0119cznych oraz elektrycznych<\/li>\n<li>pokryte specjalnym lakierem, kt\u00f3ry zapobiega ich korozji<\/li>\n<\/ul>\n<p>&nbsp;<\/p>\n<table>\n<tbody>\n<tr>\n<td>opakowanie<\/td>\n<td>5000 szt.<\/td>\n<\/tr>\n<tr>\n<td>wymiary (szer. x g\u0142. x wys.)<\/td>\n<td>12 x 6 mm<\/td>\n<\/tr>\n<\/tbody>\n<\/table>\n","protected":false},"excerpt":{"rendered":"<p>przeznaczone do zszywaczy r\u0119cznych oraz elektrycznych pokryte specjalnym lakierem, kt\u00f3ry zapobiega ich korozji &nbsp; opakowanie 5000 szt. wymiary (szer. x g\u0142. x wys.) 12 x 6 mm<\/p>\n","protected":false},"featured_media":2808,"template":"","meta":[],"_links":{"self":[{"href":"https:\/\/nowa.cnctechnika.pl\/en\/wp-json\/wp\/v2\/product\/2807"}],"collection":[{"href":"https:\/\/nowa.cnctechnika.pl\/en\/wp-json\/wp\/v2\/product"}],"about":[{"href":"https:\/\/nowa.cnctechnika.pl\/en\/wp-json\/wp\/v2\/types\/product"}],"wp:featuredmedia":[{"embeddable":true,"href":"https:\/\/nowa.cnctechnika.pl\/en\/wp-json\/wp\/v2\/media\/2808"}],"wp:attachment":[{"href":"https:\/\/nowa.cnctechnika.pl\/en\/wp-json\/wp\/v2\/media?parent=2807"}],"curies":[{"name":"wp","href":"https:\/\/api.w.org\/{rel}","templated":true}]}}