{"id":2775,"date":"2020-09-07T07:27:09","date_gmt":"2020-09-07T07:27:09","guid":{"rendered":"http:\/\/nowa.cnctechnika.pl\/?post_type=product&#038;p=2775"},"modified":"2020-10-27T14:57:59","modified_gmt":"2020-10-27T14:57:59","slug":"listwa-perforujaca-perforator-punch-cnc500-2","status":"publish","type":"product","link":"https:\/\/nowa.cnctechnika.pl\/en\/produkt\/listwa-perforujaca-perforator-punch-cnc500-2\/","title":{"rendered":"Listwa perforujaca perforator punch SUPER 450"},"content":{"rendered":"<p>Punch SUPER 450 dostarczany jest z jedn\u0105 wybran\u0105 listw\u0105 perforuj\u0105c\u0105, dost\u0119pn\u0105 z listy dost\u0119pnych narz\u0119dzi.<\/p>\n<p>Chc\u0105c zmieni\u0107 narz\u0119dzie, nale\u017cy go w ca\u0142o\u015bci wysun\u0105\u0107 z korpusu punch&#8217;a i zast\u0105pi\u0107 narz\u0119dziem o \u017c\u0105danym wzorze perforacji.<\/p>\n","protected":false},"excerpt":{"rendered":"<p>Punch SUPER 450 dostarczany jest z jedn\u0105 wybran\u0105 listw\u0105 perforuj\u0105c\u0105, dost\u0119pn\u0105 z listy dost\u0119pnych narz\u0119dzi. Chc\u0105c zmieni\u0107 narz\u0119dzie, nale\u017cy go w ca\u0142o\u015bci wysun\u0105\u0107 z korpusu punch&#8217;a i zast\u0105pi\u0107 narz\u0119dziem o \u017c\u0105danym wzorze perforacji.<\/p>\n","protected":false},"featured_media":2469,"template":"","meta":[],"_links":{"self":[{"href":"https:\/\/nowa.cnctechnika.pl\/en\/wp-json\/wp\/v2\/product\/2775"}],"collection":[{"href":"https:\/\/nowa.cnctechnika.pl\/en\/wp-json\/wp\/v2\/product"}],"about":[{"href":"https:\/\/nowa.cnctechnika.pl\/en\/wp-json\/wp\/v2\/types\/product"}],"wp:featuredmedia":[{"embeddable":true,"href":"https:\/\/nowa.cnctechnika.pl\/en\/wp-json\/wp\/v2\/media\/2469"}],"wp:attachment":[{"href":"https:\/\/nowa.cnctechnika.pl\/en\/wp-json\/wp\/v2\/media?parent=2775"}],"curies":[{"name":"wp","href":"https:\/\/api.w.org\/{rel}","templated":true}]}}