{"id":2766,"date":"2020-09-04T12:11:19","date_gmt":"2020-09-04T12:11:19","guid":{"rendered":"http:\/\/nowa.cnctechnika.pl\/?post_type=product&#038;p=2766"},"modified":"2020-09-18T12:50:50","modified_gmt":"2020-09-18T12:50:50","slug":"oczka-banerowe-niklowane-fi12","status":"publish","type":"product","link":"https:\/\/nowa.cnctechnika.pl\/en\/produkt\/oczka-banerowe-niklowane-fi12\/","title":{"rendered":"Oczka banerowe niklowane fi12"},"content":{"rendered":"<p>Oczka niklowane, srebrne b\u0142yszcz\u0105ce, o \u015brednicy 12 mm przeznaczone do zakuwania r\u0119cznego na oczkarkach HP-3.<\/p>\n","protected":false},"excerpt":{"rendered":"<p>Oczka niklowane, srebrne b\u0142yszcz\u0105ce, o \u015brednicy 12 mm przeznaczone do zakuwania r\u0119cznego na oczkarkach HP-3.<\/p>\n","protected":false},"featured_media":2764,"template":"","meta":[],"_links":{"self":[{"href":"https:\/\/nowa.cnctechnika.pl\/en\/wp-json\/wp\/v2\/product\/2766"}],"collection":[{"href":"https:\/\/nowa.cnctechnika.pl\/en\/wp-json\/wp\/v2\/product"}],"about":[{"href":"https:\/\/nowa.cnctechnika.pl\/en\/wp-json\/wp\/v2\/types\/product"}],"wp:featuredmedia":[{"embeddable":true,"href":"https:\/\/nowa.cnctechnika.pl\/en\/wp-json\/wp\/v2\/media\/2764"}],"wp:attachment":[{"href":"https:\/\/nowa.cnctechnika.pl\/en\/wp-json\/wp\/v2\/media?parent=2766"}],"curies":[{"name":"wp","href":"https:\/\/api.w.org\/{rel}","templated":true}]}}