{"id":2760,"date":"2020-09-02T12:46:45","date_gmt":"2020-09-02T12:46:45","guid":{"rendered":"http:\/\/nowa.cnctechnika.pl\/?post_type=product&#038;p=2760"},"modified":"2020-09-18T13:17:08","modified_gmt":"2020-09-18T13:17:08","slug":"worek-do-oklejarki-k3","status":"publish","type":"product","link":"https:\/\/nowa.cnctechnika.pl\/en\/produkt\/worek-do-oklejarki-k3\/","title":{"rendered":"Worek do oklejarki K3"},"content":{"rendered":"<p>Worek gromadz\u0105cy py\u0142 papierowy powstaj\u0105cy podczas frezowania blok\u00f3w ksi\u0105\u017cek.<\/p>\n","protected":false},"excerpt":{"rendered":"<p>Worek gromadz\u0105cy py\u0142 papierowy powstaj\u0105cy podczas frezowania blok\u00f3w ksi\u0105\u017cek.<\/p>\n","protected":false},"featured_media":2761,"template":"","meta":[],"_links":{"self":[{"href":"https:\/\/nowa.cnctechnika.pl\/en\/wp-json\/wp\/v2\/product\/2760"}],"collection":[{"href":"https:\/\/nowa.cnctechnika.pl\/en\/wp-json\/wp\/v2\/product"}],"about":[{"href":"https:\/\/nowa.cnctechnika.pl\/en\/wp-json\/wp\/v2\/types\/product"}],"wp:featuredmedia":[{"embeddable":true,"href":"https:\/\/nowa.cnctechnika.pl\/en\/wp-json\/wp\/v2\/media\/2761"}],"wp:attachment":[{"href":"https:\/\/nowa.cnctechnika.pl\/en\/wp-json\/wp\/v2\/media?parent=2760"}],"curies":[{"name":"wp","href":"https:\/\/api.w.org\/{rel}","templated":true}]}}