{"id":2744,"date":"2020-09-02T12:02:13","date_gmt":"2020-09-02T12:02:13","guid":{"rendered":"http:\/\/nowa.cnctechnika.pl\/?post_type=product&#038;p=2744"},"modified":"2020-09-18T12:49:54","modified_gmt":"2020-09-18T12:49:54","slug":"oczka-banerowe-niklowane-fi10","status":"publish","type":"product","link":"https:\/\/nowa.cnctechnika.pl\/en\/produkt\/oczka-banerowe-niklowane-fi10\/","title":{"rendered":"Oczka banerowe niklowane fi10"},"content":{"rendered":"<p>Oczka niklowane, srebrne b\u0142yszcz\u0105ce, o \u015brednicy 10 mm przeznaczone do zakuwania r\u0119cznego na oczkarkach HP-3.<\/p>\n<p>&nbsp;<\/p>\n","protected":false},"excerpt":{"rendered":"<p>Oczka niklowane, srebrne b\u0142yszcz\u0105ce, o \u015brednicy 10 mm przeznaczone do zakuwania r\u0119cznego na oczkarkach HP-3. &nbsp;<\/p>\n","protected":false},"featured_media":2745,"template":"","meta":[],"_links":{"self":[{"href":"https:\/\/nowa.cnctechnika.pl\/en\/wp-json\/wp\/v2\/product\/2744"}],"collection":[{"href":"https:\/\/nowa.cnctechnika.pl\/en\/wp-json\/wp\/v2\/product"}],"about":[{"href":"https:\/\/nowa.cnctechnika.pl\/en\/wp-json\/wp\/v2\/types\/product"}],"wp:featuredmedia":[{"embeddable":true,"href":"https:\/\/nowa.cnctechnika.pl\/en\/wp-json\/wp\/v2\/media\/2745"}],"wp:attachment":[{"href":"https:\/\/nowa.cnctechnika.pl\/en\/wp-json\/wp\/v2\/media?parent=2744"}],"curies":[{"name":"wp","href":"https:\/\/api.w.org\/{rel}","templated":true}]}}