{"id":2662,"date":"2020-08-26T13:33:27","date_gmt":"2020-08-26T13:33:27","guid":{"rendered":"http:\/\/nowa.cnctechnika.pl\/?post_type=product&#038;p=2662"},"modified":"2020-08-26T13:41:03","modified_gmt":"2020-08-26T13:41:03","slug":"listwa-podnozowa-z-dwoma-kontrbigami","status":"publish","type":"product","link":"https:\/\/nowa.cnctechnika.pl\/en\/produkt\/listwa-podnozowa-z-dwoma-kontrbigami\/","title":{"rendered":"Listwa podno\u017cowa z dwoma kontrbigami"},"content":{"rendered":"<p>Po stronie listwy s\u0142u\u017c\u0105cej do bigowania znajduj\u0105 si\u0119 dwie kontrbigi o r\u00f3\u017cnej szeroko\u015bci do wyboru.<\/p>\n<p>Cie\u0144sza do papieru do 250 g\/m2<\/p>\n<p>Grubasza do papier\u00f3w od 250-400 g\/m2<\/p>\n","protected":false},"excerpt":{"rendered":"<p>Po stronie listwy s\u0142u\u017c\u0105cej do bigowania znajduj\u0105 si\u0119 dwie kontrbigi o r\u00f3\u017cnej szeroko\u015bci do wyboru. Cie\u0144sza do papieru do 250 g\/m2 Grubasza do papier\u00f3w od 250-400 g\/m2<\/p>\n","protected":false},"featured_media":2663,"template":"","meta":[],"_links":{"self":[{"href":"https:\/\/nowa.cnctechnika.pl\/en\/wp-json\/wp\/v2\/product\/2662"}],"collection":[{"href":"https:\/\/nowa.cnctechnika.pl\/en\/wp-json\/wp\/v2\/product"}],"about":[{"href":"https:\/\/nowa.cnctechnika.pl\/en\/wp-json\/wp\/v2\/types\/product"}],"wp:featuredmedia":[{"embeddable":true,"href":"https:\/\/nowa.cnctechnika.pl\/en\/wp-json\/wp\/v2\/media\/2663"}],"wp:attachment":[{"href":"https:\/\/nowa.cnctechnika.pl\/en\/wp-json\/wp\/v2\/media?parent=2662"}],"curies":[{"name":"wp","href":"https:\/\/api.w.org\/{rel}","templated":true}]}}