{"id":2660,"date":"2020-08-24T10:22:05","date_gmt":"2020-08-24T10:22:05","guid":{"rendered":"http:\/\/nowa.cnctechnika.pl\/?post_type=product&#038;p=2660"},"modified":"2020-09-16T06:52:22","modified_gmt":"2020-09-16T06:52:22","slug":"carier","status":"publish","type":"product","link":"https:\/\/nowa.cnctechnika.pl\/en\/produkt\/carier\/","title":{"rendered":"Carrier"},"content":{"rendered":"<div class=\"tglc\">\n<div class=\"e-cont\" data-id=\"1\">\n<ul class=\"op-pr-ni-list\">\n<li>papierowy arkusz, z\u0142o\u017cony na p\u00f3\u0142, pokryty specjaln\u0105 woskow\u0105 substancj\u0105, umo\u017cliwiaj\u0105c\u0105 jego wielokrotne u\u017cycie bez zabrudze\u0144<\/li>\n<li>mo\u017cliwo\u015b\u0107 z\u0142ocenia wybi\u00f3rczego wydruk\u00f3w tonerowych, za po\u015brednictwem foliarek lub laminator\u00f3w &#8211; wydruk przykryty w cz\u0119\u015bci lub ca\u0142o\u015bci wsuwa si\u0119 w carrier i przepuszcza przez laminator.<\/li>\n<li>zabezpieczenie przed zabrudzeniem wa\u0142k\u00f3w laminatora lub foliarki<\/li>\n<li>utrzymanie w czysto\u015bci wa\u0142k\u00f3w foliarki lub laminatora<\/li>\n<\/ul>\n<\/div>\n<\/div>\n","protected":false},"excerpt":{"rendered":"<p>papierowy arkusz, z\u0142o\u017cony na p\u00f3\u0142, pokryty specjaln\u0105 woskow\u0105 substancj\u0105, umo\u017cliwiaj\u0105c\u0105 jego wielokrotne u\u017cycie bez zabrudze\u0144 mo\u017cliwo\u015b\u0107 z\u0142ocenia wybi\u00f3rczego wydruk\u00f3w tonerowych, za po\u015brednictwem foliarek lub laminator\u00f3w &#8211; wydruk przykryty w cz\u0119\u015bci lub ca\u0142o\u015bci wsuwa si\u0119 w carrier i przepuszcza przez laminator. zabezpieczenie przed zabrudzeniem wa\u0142k\u00f3w laminatora lub foliarki utrzymanie w czysto\u015bci wa\u0142k\u00f3w foliarki lub laminatora<\/p>\n","protected":false},"featured_media":2782,"template":"","meta":[],"_links":{"self":[{"href":"https:\/\/nowa.cnctechnika.pl\/en\/wp-json\/wp\/v2\/product\/2660"}],"collection":[{"href":"https:\/\/nowa.cnctechnika.pl\/en\/wp-json\/wp\/v2\/product"}],"about":[{"href":"https:\/\/nowa.cnctechnika.pl\/en\/wp-json\/wp\/v2\/types\/product"}],"wp:featuredmedia":[{"embeddable":true,"href":"https:\/\/nowa.cnctechnika.pl\/en\/wp-json\/wp\/v2\/media\/2782"}],"wp:attachment":[{"href":"https:\/\/nowa.cnctechnika.pl\/en\/wp-json\/wp\/v2\/media?parent=2660"}],"curies":[{"name":"wp","href":"https:\/\/api.w.org\/{rel}","templated":true}]}}