{"id":2627,"date":"2020-08-19T08:03:26","date_gmt":"2020-08-19T08:03:26","guid":{"rendered":"http:\/\/nowa.cnctechnika.pl\/?post_type=product&#038;p=2627"},"modified":"2020-09-10T08:36:26","modified_gmt":"2020-09-10T08:36:26","slug":"folie-laminacyjne-do-zlocenia-bezmatrycowego","status":"publish","type":"product","link":"https:\/\/nowa.cnctechnika.pl\/en\/produkt\/folie-laminacyjne-do-zlocenia-bezmatrycowego\/","title":{"rendered":"Folie do z\u0142ocenia bezmatrycowego"},"content":{"rendered":"<ul>\n<li>folie przeznaczone do z\u0142ocenia (wybarwiania) grafik wydrukowanych tonerem (folie aplikuj\u0105 si\u0119 tylko i wy\u0142\u0105cznie do powierzchni zadrukowanych tonerem &#8211; nie na czystych arkuszach, pozbawionych tonera)<\/li>\n<li>folie przeznaczone do z\u0142ocenia wydruk\u00f3w za po\u015brednictwem <strong>foliarek np. serii F350 i laminator\u00f3w<\/strong><\/li>\n<li>mo\u017cliwo\u015b\u0107 z\u0142ocenia wybi\u00f3rczego, dzi\u0119ki zastosowaniu <strong>carriera<\/strong><\/li>\n<li>folie dostarczane s\u0105 w rolach o szeroko\u015bci 64cm i d\u0142ugo\u015bci 120m nawini\u0119te na tekturowe rdzenie o \u015brednicy 1 cala (oko\u0142o 2,5cm) &#8211; na zlecenie Klienta rolki mog\u0105 zosta\u0107 poci\u0119te na rolki w\u0119\u017csze.<\/li>\n<\/ul>\n<p>&nbsp;<\/p>\n<table>\n<tbody>\n<tr style=\"height: 24px;\">\n<td style=\"height: 24px;\">folia do z\u0142ocenia bezmatrycowgo\u00a0 RX\u00a0 z\u0142ota \/ srebrna<\/td>\n<td style=\"height: 24px;\">0,64 x 120 m<\/td>\n<\/tr>\n<tr style=\"height: 24px;\">\n<td style=\"height: 24px;\">folia do z\u0142ocenia bezmatrycowgo\u00a0 RX\u00a0 jednokolorowa<\/td>\n<td style=\"height: 24px;\">0,64 x 120 m<\/td>\n<\/tr>\n<tr style=\"height: 24px;\">\n<td style=\"height: 24px;\">folia do z\u0142ocenia bezmatrycowgo\u00a0 RX\u00a0 multikolor<\/td>\n<td style=\"height: 24px;\">0,64 x 120 m<\/td>\n<\/tr>\n<tr style=\"height: 24px;\">\n<td style=\"height: 24px;\">folia do z\u0142ocenia bezmatrycowgo\u00a0 RX\u00a0 bezbarwna<\/td>\n<td style=\"height: 24px;\">0,75 x 120 m<\/td>\n<\/tr>\n<\/tbody>\n<\/table>\n","protected":false},"excerpt":{"rendered":"<p>folie przeznaczone do z\u0142ocenia (wybarwiania) grafik wydrukowanych tonerem (folie aplikuj\u0105 si\u0119 tylko i wy\u0142\u0105cznie do powierzchni zadrukowanych tonerem &#8211; nie na czystych arkuszach, pozbawionych tonera) folie przeznaczone do z\u0142ocenia wydruk\u00f3w za po\u015brednictwem foliarek np. serii F350 i laminator\u00f3w mo\u017cliwo\u015b\u0107 z\u0142ocenia wybi\u00f3rczego, dzi\u0119ki zastosowaniu carriera folie dostarczane s\u0105 w rolach o szeroko\u015bci 64cm i d\u0142ugo\u015bci 120m [&hellip;]<\/p>\n","protected":false},"featured_media":2780,"template":"","meta":[],"_links":{"self":[{"href":"https:\/\/nowa.cnctechnika.pl\/en\/wp-json\/wp\/v2\/product\/2627"}],"collection":[{"href":"https:\/\/nowa.cnctechnika.pl\/en\/wp-json\/wp\/v2\/product"}],"about":[{"href":"https:\/\/nowa.cnctechnika.pl\/en\/wp-json\/wp\/v2\/types\/product"}],"wp:featuredmedia":[{"embeddable":true,"href":"https:\/\/nowa.cnctechnika.pl\/en\/wp-json\/wp\/v2\/media\/2780"}],"wp:attachment":[{"href":"https:\/\/nowa.cnctechnika.pl\/en\/wp-json\/wp\/v2\/media?parent=2627"}],"curies":[{"name":"wp","href":"https:\/\/api.w.org\/{rel}","templated":true}]}}