{"id":2624,"date":"2020-08-19T07:27:41","date_gmt":"2020-08-19T07:27:41","guid":{"rendered":"http:\/\/nowa.cnctechnika.pl\/?post_type=product&#038;p=2624"},"modified":"2020-09-10T09:55:00","modified_gmt":"2020-09-10T09:55:00","slug":"folia_laminacyjna","status":"publish","type":"product","link":"https:\/\/nowa.cnctechnika.pl\/en\/produkt\/folia_laminacyjna\/","title":{"rendered":"Folia laminacyjna"},"content":{"rendered":"<ul>\n<li>folie laminacyjne kolorowe (z\u0142ote, srebrne, czarne o powierzchni soft touch) do powlekania ca\u0142ych arkuszy (papieru, tektury)<\/li>\n<li>zastosowanie folii kolorowych: przygotowanie arkuszy pod z\u0142ocenie, t\u0142oczenie, wycinanie dowolnych kszta\u0142t\u00f3w, w tym pude\u0142ek, opakowa\u0144, ozd\u00f3b<\/li>\n<li>folie o szeroko\u015bciach i nawojach dostosowanych tak\u017ce do foliarek serii F350, nawini\u0119te na tekturowe rdzenie o \u015brednicy 1 cala (oko\u0142o 2,5cm)<\/li>\n<\/ul>\n<p>&nbsp;<\/p>\n<table>\n<tbody>\n<tr>\n<td style=\"width: 74.4382%;\">folia laminacyjna z\u0142ota 24 mic<\/td>\n<td style=\"width: 85.7651%;\"><span style=\"font-size: 12pt;\"><sup>0,32 x 200 m<\/sup><\/span><\/td>\n<\/tr>\n<tr>\n<td style=\"width: 74.4382%;\">folia laminacyjna srebrna 24 mic<\/td>\n<td style=\"width: 85.7651%;\"><span style=\"font-size: 12pt;\"><sup>0,32 x 200 m<\/sup><\/span><\/td>\n<\/tr>\n<tr>\n<td style=\"width: 74.4382%;\">folia laminacyjna black velvet 30 mic<\/td>\n<td style=\"width: 85.7651%;\"><span style=\"font-size: 12pt;\"><sup>0,32 x 200 m<\/sup><\/span><\/td>\n<\/tr>\n<\/tbody>\n<\/table>\n<p>&nbsp;<\/p>\n","protected":false},"excerpt":{"rendered":"<p>folie laminacyjne kolorowe (z\u0142ote, srebrne, czarne o powierzchni soft touch) do powlekania ca\u0142ych arkuszy (papieru, tektury) zastosowanie folii kolorowych: przygotowanie arkuszy pod z\u0142ocenie, t\u0142oczenie, wycinanie dowolnych kszta\u0142t\u00f3w, w tym pude\u0142ek, opakowa\u0144, ozd\u00f3b folie o szeroko\u015bciach i nawojach dostosowanych tak\u017ce do foliarek serii F350, nawini\u0119te na tekturowe rdzenie o \u015brednicy 1 cala (oko\u0142o 2,5cm) &nbsp; folia [&hellip;]<\/p>\n","protected":false},"featured_media":2625,"template":"","meta":[],"_links":{"self":[{"href":"https:\/\/nowa.cnctechnika.pl\/en\/wp-json\/wp\/v2\/product\/2624"}],"collection":[{"href":"https:\/\/nowa.cnctechnika.pl\/en\/wp-json\/wp\/v2\/product"}],"about":[{"href":"https:\/\/nowa.cnctechnika.pl\/en\/wp-json\/wp\/v2\/types\/product"}],"wp:featuredmedia":[{"embeddable":true,"href":"https:\/\/nowa.cnctechnika.pl\/en\/wp-json\/wp\/v2\/media\/2625"}],"wp:attachment":[{"href":"https:\/\/nowa.cnctechnika.pl\/en\/wp-json\/wp\/v2\/media?parent=2624"}],"curies":[{"name":"wp","href":"https:\/\/api.w.org\/{rel}","templated":true}]}}