{"id":2621,"date":"2020-08-19T07:24:07","date_gmt":"2020-08-19T07:24:07","guid":{"rendered":"http:\/\/nowa.cnctechnika.pl\/?post_type=product&#038;p=2621"},"modified":"2020-09-10T07:11:44","modified_gmt":"2020-09-10T07:11:44","slug":"folia-laminacyjna-digital-super-digital","status":"publish","type":"product","link":"https:\/\/nowa.cnctechnika.pl\/en\/produkt\/folia-laminacyjna-digital-super-digital\/","title":{"rendered":"Folia laminacyjna digital i super digital"},"content":{"rendered":"<ul>\n<li>folie laminacyjne transparentne, w tym b\u0142yszcz\u0105ce i matowe (g\u0142adkie i o powierzchni soft touch)<\/li>\n<li>folie do wydruk\u00f3w cyfrowych, tonerowych w wersji digital oraz super digital (z mocniejszym klejem, do wydruk\u00f3w tonerowych, o du\u017cych zadrukowanych powierzchniach)<\/li>\n<li>folie o szeroko\u015bciach i nawojach dostosowanych tak\u017ce do foliarek serii F350.<\/li>\n<\/ul>\n<p>&nbsp;<\/p>\n<table>\n<tbody>\n<tr style=\"height: 24px;\">\n<td style=\"width: 74.9838%; height: 24px;\">folia laminacyjna digital b\u0142ysk 25 mic<\/td>\n<td style=\"width: 41.7029%; height: 24px;\">0,32 x 1000 m<\/td>\n<\/tr>\n<tr style=\"height: 26px;\">\n<td style=\"width: 74.9838%; height: 26px;\">folia laminacyjna digital mat 25 mic<\/td>\n<td style=\"width: 41.7029%; height: 26px;\">0,32 x 1000 m<\/td>\n<\/tr>\n<tr style=\"height: 26px;\">\n<td style=\"width: 74.9838%; height: 26px;\">folia laminacyjna digital b\u0142ysk 25 mic<\/td>\n<td style=\"width: 41.7029%; height: 26px;\">0,32 x 1000 m<\/td>\n<\/tr>\n<tr style=\"height: 26px;\">\n<td style=\"width: 74.9838%; height: 26px;\">folia laminacyjna digital mat 25 mic<\/td>\n<td style=\"width: 41.7029%; height: 26px;\">0,32 x 200 m<\/td>\n<\/tr>\n<tr style=\"height: 24px;\">\n<td style=\"width: 74.9838%; height: 24px;\">folia laminacyjna digital mat soft touch 30 mic<\/td>\n<td style=\"width: 41.7029%; height: 24px;\">0,32 x 200 m<\/td>\n<\/tr>\n<tr style=\"height: 24px;\">\n<td style=\"width: 74.9838%; height: 24px;\">folia laminacyjna <strong>super<\/strong> digital b\u0142ysk 30 mic<\/td>\n<td style=\"width: 41.7029%; height: 24px;\">0,32 x 1000 m<\/td>\n<\/tr>\n<tr style=\"height: 24px;\">\n<td style=\"width: 74.9838%; height: 24px;\">folia laminacyjna <strong>super<\/strong> digital mat 30 mic<\/td>\n<td style=\"width: 41.7029%; height: 24px;\">0,32 x 1000 m<\/td>\n<\/tr>\n<tr style=\"height: 24px;\">\n<td style=\"width: 74.9838%; height: 24px;\">folia laminacyjna <strong>super<\/strong> digital b\u0142ysk 30 mic<\/td>\n<td style=\"width: 41.7029%; height: 24px;\">0,32 x 200 m<\/td>\n<\/tr>\n<tr style=\"height: 24px;\">\n<td style=\"width: 74.9838%; height: 24px;\">folia laminacyjna <strong>super<\/strong> digital mat 30 mic<\/td>\n<td style=\"width: 41.7029%; height: 24px;\">0,32 x 200 m<\/td>\n<\/tr>\n<\/tbody>\n<\/table>\n","protected":false},"excerpt":{"rendered":"<p>folie laminacyjne transparentne, w tym b\u0142yszcz\u0105ce i matowe (g\u0142adkie i o powierzchni soft touch) folie do wydruk\u00f3w cyfrowych, tonerowych w wersji digital oraz super digital (z mocniejszym klejem, do wydruk\u00f3w tonerowych, o du\u017cych zadrukowanych powierzchniach) folie o szeroko\u015bciach i nawojach dostosowanych tak\u017ce do foliarek serii F350. &nbsp; folia laminacyjna digital b\u0142ysk 25 mic 0,32 x [&hellip;]<\/p>\n","protected":false},"featured_media":2622,"template":"","meta":[],"_links":{"self":[{"href":"https:\/\/nowa.cnctechnika.pl\/en\/wp-json\/wp\/v2\/product\/2621"}],"collection":[{"href":"https:\/\/nowa.cnctechnika.pl\/en\/wp-json\/wp\/v2\/product"}],"about":[{"href":"https:\/\/nowa.cnctechnika.pl\/en\/wp-json\/wp\/v2\/types\/product"}],"wp:featuredmedia":[{"embeddable":true,"href":"https:\/\/nowa.cnctechnika.pl\/en\/wp-json\/wp\/v2\/media\/2622"}],"wp:attachment":[{"href":"https:\/\/nowa.cnctechnika.pl\/en\/wp-json\/wp\/v2\/media?parent=2621"}],"curies":[{"name":"wp","href":"https:\/\/api.w.org\/{rel}","templated":true}]}}