{"id":2592,"date":"2020-08-13T11:18:41","date_gmt":"2020-08-13T11:18:41","guid":{"rendered":"http:\/\/nowa.cnctechnika.pl\/?post_type=product&#038;p=2592"},"modified":"2021-05-13T07:06:35","modified_gmt":"2021-05-13T07:06:35","slug":"zaokraglacz-narozy-cnc-z-1","status":"publish","type":"product","link":"https:\/\/nowa.cnctechnika.pl\/en\/produkt\/zaokraglacz-narozy-cnc-z-1\/","title":{"rendered":"Zaokr\u0105glacz naro\u017cy CNC Z-1"},"content":{"rendered":"<ul>\n<li>wysoko\u015b\u0107 zaokr\u0105glanego stosu do 50 mm<\/li>\n<li>docisk zaokr\u0105glanego stosu<\/li>\n<li>promie\u0144 zaokr\u0105glenia R6 w standardzie<\/li>\n<li>mo\u017cliwo\u015b\u0107 wymiany no\u017ca zaokr\u0105glaj\u0105cego o innych promieniach<\/li>\n<\/ul>\n<p>&nbsp;<\/p>\n<table>\n<tbody>\n<tr style=\"height: 24px;\">\n<td style=\"width: 59.75%; height: 24px;\">waga<\/td>\n<td style=\"width: 38.25%; height: 24px;\">60 kg<\/td>\n<\/tr>\n<tr style=\"height: 24px;\">\n<td style=\"width: 59.75%; height: 24px;\">wym. maszyny (szer. x g\u0142. x wys.)<\/td>\n<td style=\"width: 38.25%; height: 24px;\">300 x 650 x 950 mm<\/td>\n<\/tr>\n<\/tbody>\n<\/table>\n","protected":false},"excerpt":{"rendered":"<p>wysoko\u015b\u0107 zaokr\u0105glanego stosu do 50 mm docisk zaokr\u0105glanego stosu promie\u0144 zaokr\u0105glenia R6 w standardzie mo\u017cliwo\u015b\u0107 wymiany no\u017ca zaokr\u0105glaj\u0105cego o innych promieniach &nbsp; waga 60 kg wym. maszyny (szer. x g\u0142. x wys.) 300 x 650 x 950 mm<\/p>\n","protected":false},"featured_media":2593,"template":"","meta":[],"_links":{"self":[{"href":"https:\/\/nowa.cnctechnika.pl\/en\/wp-json\/wp\/v2\/product\/2592"}],"collection":[{"href":"https:\/\/nowa.cnctechnika.pl\/en\/wp-json\/wp\/v2\/product"}],"about":[{"href":"https:\/\/nowa.cnctechnika.pl\/en\/wp-json\/wp\/v2\/types\/product"}],"wp:featuredmedia":[{"embeddable":true,"href":"https:\/\/nowa.cnctechnika.pl\/en\/wp-json\/wp\/v2\/media\/2593"}],"wp:attachment":[{"href":"https:\/\/nowa.cnctechnika.pl\/en\/wp-json\/wp\/v2\/media?parent=2592"}],"curies":[{"name":"wp","href":"https:\/\/api.w.org\/{rel}","templated":true}]}}