{"id":2579,"date":"2020-08-13T10:46:33","date_gmt":"2020-08-13T10:46:33","guid":{"rendered":"http:\/\/nowa.cnctechnika.pl\/?post_type=product&#038;p=2579"},"modified":"2020-08-13T10:52:43","modified_gmt":"2020-08-13T10:52:43","slug":"zaokraglacz-c-006-r5","status":"publish","type":"product","link":"https:\/\/nowa.cnctechnika.pl\/en\/produkt\/zaokraglacz-c-006-r5\/","title":{"rendered":"Zaokr\u0105glacz C-006 (R5)"},"content":{"rendered":"<ul>\n<li>r\u0119czne zaokr\u0105glanie naro\u017cy<\/li>\n<li>mo\u017cliwo\u015b\u0107 zaokr\u0105glania wizyt\u00f3wek, przek\u0142adek do album\u00f3w (rdzeni) i gotowych fotoalbum\u00f3w<\/li>\n<li>szeroka g\u0142owica u\u0142atwia pozycjonowanie zakr\u0105glanego arkusza<\/li>\n<\/ul>\n<p>&nbsp;<\/p>\n<table>\n<tbody>\n<tr>\n<td>promie\u0144 zaokr\u0105glania<\/td>\n<td>5 mm<\/td>\n<\/tr>\n<tr>\n<td>wym. maszyny (szer. x g\u0142. x wys.)<\/td>\n<td>235 x 75 x 75 mm<\/td>\n<\/tr>\n<tr>\n<td><\/td>\n<td><\/td>\n<\/tr>\n<tr>\n<td class=\"my_last_td\"><\/td>\n<td class=\"my_last_td\"><\/td>\n<\/tr>\n<\/tbody>\n<\/table>\n","protected":false},"excerpt":{"rendered":"<p>r\u0119czne zaokr\u0105glanie naro\u017cy mo\u017cliwo\u015b\u0107 zaokr\u0105glania wizyt\u00f3wek, przek\u0142adek do album\u00f3w (rdzeni) i gotowych fotoalbum\u00f3w szeroka g\u0142owica u\u0142atwia pozycjonowanie zakr\u0105glanego arkusza &nbsp; promie\u0144 zaokr\u0105glania 5 mm wym. maszyny (szer. x g\u0142. x wys.) 235 x 75 x 75 mm<\/p>\n","protected":false},"featured_media":2580,"template":"","meta":[],"_links":{"self":[{"href":"https:\/\/nowa.cnctechnika.pl\/en\/wp-json\/wp\/v2\/product\/2579"}],"collection":[{"href":"https:\/\/nowa.cnctechnika.pl\/en\/wp-json\/wp\/v2\/product"}],"about":[{"href":"https:\/\/nowa.cnctechnika.pl\/en\/wp-json\/wp\/v2\/types\/product"}],"wp:featuredmedia":[{"embeddable":true,"href":"https:\/\/nowa.cnctechnika.pl\/en\/wp-json\/wp\/v2\/media\/2580"}],"wp:attachment":[{"href":"https:\/\/nowa.cnctechnika.pl\/en\/wp-json\/wp\/v2\/media?parent=2579"}],"curies":[{"name":"wp","href":"https:\/\/api.w.org\/{rel}","templated":true}]}}