{"id":2571,"date":"2020-08-13T09:09:08","date_gmt":"2020-08-13T09:09:08","guid":{"rendered":"http:\/\/nowa.cnctechnika.pl\/?post_type=product&#038;p=2571"},"modified":"2020-08-13T09:51:39","modified_gmt":"2020-08-13T09:51:39","slug":"elektryczna-polautomatyczna-wycinarka-wizytowek","status":"publish","type":"product","link":"https:\/\/nowa.cnctechnika.pl\/en\/produkt\/elektryczna-polautomatyczna-wycinarka-wizytowek\/","title":{"rendered":"Elektryczna p\u00f3\u0142automatyczna wycinarka wizyt\u00f3wek"},"content":{"rendered":"<ul>\n<li>r\u0119czne podawanie papieru<\/li>\n<li>mo\u017cliwo\u015b\u0107 wyci\u0119cia 10 wizyt\u00f3wek z formatu A4<\/li>\n<li>niewielkie rozmiary<\/li>\n<li>\u0142atwa obs\u0142uga<\/li>\n<li>wszystkie wizyt\u00f3wki s\u0105 wycinane z tzw. &#8220;wycink\u0105&#8221; z ka\u017cdej strony (13 mm &#8211; zewn\u0119trzne i 3 mm wewn\u0119trzna)<\/li>\n<\/ul>\n<p>&nbsp;<\/p>\n<table style=\"width: 37.3446%; height: 313px;\">\n<tbody>\n<tr style=\"height: 48px;\">\n<td style=\"width: 63.0807%; height: 48px;\">rodzaj ci\u0119cia<\/td>\n<td style=\"width: 75.6792%; height: 48px;\">wzd\u0142u\u017cne &#8211; no\u017ce kr\u0105\u017ckowe<\/td>\n<\/tr>\n<tr style=\"height: 26px;\">\n<td style=\"width: 63.0807%; height: 26px;\">podawanie arkusza<\/td>\n<td style=\"width: 75.6792%; height: 26px;\">do 350 g\/m<sup>2<\/sup><\/td>\n<\/tr>\n<tr style=\"height: 24px;\">\n<td style=\"width: 63.0807%; height: 24px;\">rozmiar arkusza<\/td>\n<td style=\"width: 75.6792%; height: 24px;\">A4 (210 x 297)<\/td>\n<\/tr>\n<tr style=\"height: 48px;\">\n<td style=\"width: 63.0807%; height: 48px;\">gramatura papieru<\/td>\n<td style=\"width: 75.6792%; height: 48px;\">80 &#8211; 300 ( g\/m\u00b2)<\/td>\n<\/tr>\n<tr style=\"height: 24px;\">\n<td style=\"width: 63.0807%; height: 24px;\">rozmiar u\u017cytk\u00f3w<\/td>\n<td style=\"width: 75.6792%; height: 24px;\">90 x 50 mm<\/td>\n<\/tr>\n<tr style=\"height: 23px;\">\n<td style=\"width: 63.0807%; height: 23px;\">zasilanie<\/td>\n<td style=\"width: 75.6792%; height: 23px;\">230 V<\/td>\n<\/tr>\n<tr style=\"height: 24px;\">\n<td style=\"width: 63.0807%; height: 24px;\">waga<\/td>\n<td style=\"width: 75.6792%; height: 24px;\">9,5 kg<\/td>\n<\/tr>\n<tr style=\"height: 24px;\">\n<td style=\"width: 63.0807%; height: 24px;\">wym. maszyny (szer. x g\u0142. x wys.)<\/td>\n<td style=\"width: 75.6792%; height: 24px;\">470 x 260 x 210 mm<\/td>\n<\/tr>\n<tr style=\"height: 48px;\">\n<td style=\"width: 63.0807%; height: 48px;\"><\/td>\n<td style=\"width: 75.6792%; height: 48px;\"><\/td>\n<\/tr>\n<tr style=\"height: 24px;\">\n<td class=\"my_last_td\" style=\"width: 63.0807%; height: 24px;\"><\/td>\n<td class=\"my_last_td\" style=\"width: 75.6792%; height: 24px;\"><\/td>\n<\/tr>\n<\/tbody>\n<\/table>\n","protected":false},"excerpt":{"rendered":"<p>r\u0119czne podawanie papieru mo\u017cliwo\u015b\u0107 wyci\u0119cia 10 wizyt\u00f3wek z formatu A4 niewielkie rozmiary \u0142atwa obs\u0142uga wszystkie wizyt\u00f3wki s\u0105 wycinane z tzw. &#8220;wycink\u0105&#8221; z ka\u017cdej strony (13 mm &#8211; zewn\u0119trzne i 3 mm wewn\u0119trzna) &nbsp; rodzaj ci\u0119cia wzd\u0142u\u017cne &#8211; no\u017ce kr\u0105\u017ckowe podawanie arkusza do 350 g\/m2 rozmiar arkusza A4 (210 x 297) gramatura papieru 80 &#8211; 300 [&hellip;]<\/p>\n","protected":false},"featured_media":2572,"template":"","meta":[],"_links":{"self":[{"href":"https:\/\/nowa.cnctechnika.pl\/en\/wp-json\/wp\/v2\/product\/2571"}],"collection":[{"href":"https:\/\/nowa.cnctechnika.pl\/en\/wp-json\/wp\/v2\/product"}],"about":[{"href":"https:\/\/nowa.cnctechnika.pl\/en\/wp-json\/wp\/v2\/types\/product"}],"wp:featuredmedia":[{"embeddable":true,"href":"https:\/\/nowa.cnctechnika.pl\/en\/wp-json\/wp\/v2\/media\/2572"}],"wp:attachment":[{"href":"https:\/\/nowa.cnctechnika.pl\/en\/wp-json\/wp\/v2\/media?parent=2571"}],"curies":[{"name":"wp","href":"https:\/\/api.w.org\/{rel}","templated":true}]}}