{"id":2570,"date":"2020-08-13T08:55:01","date_gmt":"2020-08-13T08:55:01","guid":{"rendered":"http:\/\/nowa.cnctechnika.pl\/?post_type=product&#038;p=2570"},"modified":"2020-08-13T08:56:49","modified_gmt":"2020-08-13T08:56:49","slug":"gdfgdfsgsdfgh","status":"publish","type":"product","link":"https:\/\/nowa.cnctechnika.pl\/en\/produkt\/gdfgdfsgsdfgh\/","title":{"rendered":"R\u0119czna wycinarka do kart PCV"},"content":{"rendered":"<ul>\n<li>wycinania kart o standardowym rozmiarze 86&#215;54 mm z zaokr\u0105glonymi rogami<\/li>\n<\/ul>\n<p>&nbsp;<\/p>\n<table>\n<tbody>\n<tr>\n<td>wycinany format kart<\/td>\n<td>86 x 54 mm<\/td>\n<\/tr>\n<tr>\n<td>gramatura wycinanego materia\u0142u<\/td>\n<td><sup>0,1 &#8211; 1,0 mm<br \/>\n<\/sup><\/td>\n<\/tr>\n<tr>\n<td>waga<\/td>\n<td>12,5 kg<\/td>\n<\/tr>\n<tr>\n<td>wym. maszyny (szer. x g\u0142. x wys.)<\/td>\n<td>200 x 260 x 260 mm<\/td>\n<\/tr>\n<tr>\n<td><\/td>\n<td><\/td>\n<\/tr>\n<tr>\n<td><\/td>\n<td><\/td>\n<\/tr>\n<tr>\n<td><\/td>\n<td><\/td>\n<\/tr>\n<tr>\n<td><\/td>\n<td><\/td>\n<\/tr>\n<tr>\n<td><\/td>\n<td><\/td>\n<\/tr>\n<tr>\n<td class=\"my_last_td\"><\/td>\n<td class=\"my_last_td\"><\/td>\n<\/tr>\n<\/tbody>\n<\/table>\n","protected":false},"excerpt":{"rendered":"<p>wycinania kart o standardowym rozmiarze 86&#215;54 mm z zaokr\u0105glonymi rogami &nbsp; wycinany format kart 86 x 54 mm gramatura wycinanego materia\u0142u 0,1 &#8211; 1,0 mm waga 12,5 kg wym. maszyny (szer. x g\u0142. x wys.) 200 x 260 x 260 mm<\/p>\n","protected":false},"featured_media":2566,"template":"","meta":[],"_links":{"self":[{"href":"https:\/\/nowa.cnctechnika.pl\/en\/wp-json\/wp\/v2\/product\/2570"}],"collection":[{"href":"https:\/\/nowa.cnctechnika.pl\/en\/wp-json\/wp\/v2\/product"}],"about":[{"href":"https:\/\/nowa.cnctechnika.pl\/en\/wp-json\/wp\/v2\/types\/product"}],"wp:featuredmedia":[{"embeddable":true,"href":"https:\/\/nowa.cnctechnika.pl\/en\/wp-json\/wp\/v2\/media\/2566"}],"wp:attachment":[{"href":"https:\/\/nowa.cnctechnika.pl\/en\/wp-json\/wp\/v2\/media?parent=2570"}],"curies":[{"name":"wp","href":"https:\/\/api.w.org\/{rel}","templated":true}]}}