{"id":2475,"date":"2020-08-12T10:38:48","date_gmt":"2020-08-12T10:38:48","guid":{"rendered":"http:\/\/nowa.cnctechnika.pl\/?post_type=product&#038;p=2475"},"modified":"2020-09-17T13:52:33","modified_gmt":"2020-09-17T13:52:33","slug":"montazownica-blokow-fotoalbumow-cnc-m01","status":"publish","type":"product","link":"https:\/\/nowa.cnctechnika.pl\/en\/produkt\/montazownica-blokow-fotoalbumow-cnc-m01\/","title":{"rendered":"Monta\u017cownica blok\u00f3w fotoalbum\u00f3w CNC M01"},"content":{"rendered":"<ul>\n<li>pneumatyczny dosisk<\/li>\n<\/ul>\n<p>&nbsp;<\/p>\n<table>\n<tbody>\n<tr style=\"height: 24px;\">\n<td style=\"height: 24px; width: 62%;\">pole robocze<\/td>\n<td style=\"height: 24px; width: 91.7778%;\">440 &#8211; 350 mm<\/td>\n<\/tr>\n<tr style=\"height: 24px;\">\n<td style=\"height: 24px; width: 62%;\">max. wysoko\u015b\u0107 montowanego bloku<\/td>\n<td style=\"height: 24px; width: 91.7778%;\">50 mm<\/td>\n<\/tr>\n<tr style=\"height: 24px;\">\n<td style=\"height: 24px; width: 62%;\">zasilanie<\/td>\n<td style=\"height: 24px; width: 91.7778%;\">230 V<\/td>\n<\/tr>\n<tr style=\"height: 24px;\">\n<td style=\"height: 24px; width: 62%;\">waga maszyny<\/td>\n<td style=\"height: 24px; width: 91.7778%;\">18 kg<\/td>\n<\/tr>\n<tr style=\"height: 24px;\">\n<td style=\"height: 24px; width: 62%;\">wym. maszyny (szer. x g\u0142. x wys.)<\/td>\n<td style=\"height: 24px; width: 91.7778%;\">550 x 500 x 250 mm<\/td>\n<\/tr>\n<\/tbody>\n<\/table>\n","protected":false},"excerpt":{"rendered":"<p>pneumatyczny dosisk &nbsp; pole robocze 440 &#8211; 350 mm max. wysoko\u015b\u0107 montowanego bloku 50 mm zasilanie 230 V waga maszyny 18 kg wym. maszyny (szer. x g\u0142. x wys.) 550 x 500 x 250 mm<\/p>\n","protected":false},"featured_media":2476,"template":"","meta":[],"_links":{"self":[{"href":"https:\/\/nowa.cnctechnika.pl\/en\/wp-json\/wp\/v2\/product\/2475"}],"collection":[{"href":"https:\/\/nowa.cnctechnika.pl\/en\/wp-json\/wp\/v2\/product"}],"about":[{"href":"https:\/\/nowa.cnctechnika.pl\/en\/wp-json\/wp\/v2\/types\/product"}],"wp:featuredmedia":[{"embeddable":true,"href":"https:\/\/nowa.cnctechnika.pl\/en\/wp-json\/wp\/v2\/media\/2476"}],"wp:attachment":[{"href":"https:\/\/nowa.cnctechnika.pl\/en\/wp-json\/wp\/v2\/media?parent=2475"}],"curies":[{"name":"wp","href":"https:\/\/api.w.org\/{rel}","templated":true}]}}