{"id":2450,"date":"2020-08-11T10:28:34","date_gmt":"2020-08-11T10:28:34","guid":{"rendered":"http:\/\/nowa.cnctechnika.pl\/produkt\/perforator-punch-super-450-copy\/"},"modified":"2020-10-30T10:34:22","modified_gmt":"2020-10-30T10:34:22","slug":"perforator-punch-super-450-copy","status":"publish","type":"product","link":"https:\/\/nowa.cnctechnika.pl\/en\/produkt\/perforator-punch-super-450-copy\/","title":{"rendered":"ELEKTRYCZNY PERFORATOR PUNCH CNC 500"},"content":{"rendered":"<ul>\n<li>wielofunkcyjna bindownica z wymiennymi modu\u0142ami perforuj\u0105cymi do dopraw<\/li>\n<li>wymienne narz\u0119dzia do opraw do grzbietu drutowego w systemie 3:1, 3:1 z \u0142ezk\u0105, 2:1, coil&#8217;a 4:1, grzbietu plastikowego PC,<\/li>\n<\/ul>\n<p>&nbsp;<\/p>\n<table>\n<tbody>\n<tr style=\"height: 24px;\">\n<td style=\"height: 24px;\">max. grubo\u015b\u0107<\/td>\n<td style=\"height: 24px;\">3 mm dla arkuszy 80g<\/td>\n<\/tr>\n<tr style=\"height: 24px;\">\n<td style=\"height: 24px;\">max. szeroko\u015b\u0107<\/td>\n<td style=\"height: 24px;\">A3 &#8211; 420 mm<\/td>\n<\/tr>\n<tr style=\"height: 24px;\">\n<td style=\"height: 24px;\">wydajno\u015b\u0107<\/td>\n<td style=\"height: 24px;\">40 cykli \/ min.<\/td>\n<\/tr>\n<tr style=\"height: 24px;\">\n<td style=\"height: 24px;\">wymienne narz\u0119dzia perforuj\u0105ce<\/td>\n<td style=\"height: 24px;\">3:1, 2:1, 4:1, PC<\/td>\n<\/tr>\n<tr style=\"height: 24px;\">\n<td style=\"height: 24px;\">zasilanie<\/td>\n<td style=\"height: 24px;\">230 V, 50 Hz, 140W<\/td>\n<\/tr>\n<tr style=\"height: 24px;\">\n<td style=\"height: 24px;\">waga maszyny<\/td>\n<td style=\"height: 24px;\">55 kg<\/td>\n<\/tr>\n<tr style=\"height: 24px;\">\n<td style=\"height: 24px;\">wym. maszyny (szer. x g\u0142. x wys.)<\/td>\n<td style=\"height: 24px;\">620 x 580 x 280 mm<\/td>\n<\/tr>\n<\/tbody>\n<\/table>\n","protected":false},"excerpt":{"rendered":"<p>wielofunkcyjna bindownica z wymiennymi modu\u0142ami perforuj\u0105cymi do dopraw wymienne narz\u0119dzia do opraw do grzbietu drutowego w systemie 3:1, 3:1 z \u0142ezk\u0105, 2:1, coil&#8217;a 4:1, grzbietu plastikowego PC, &nbsp; max. grubo\u015b\u0107 3 mm dla arkuszy 80g max. szeroko\u015b\u0107 A3 &#8211; 420 mm wydajno\u015b\u0107 40 cykli \/ min. wymienne narz\u0119dzia perforuj\u0105ce 3:1, 2:1, 4:1, PC zasilanie 230 [&hellip;]<\/p>\n","protected":false},"featured_media":2461,"template":"","meta":[],"_links":{"self":[{"href":"https:\/\/nowa.cnctechnika.pl\/en\/wp-json\/wp\/v2\/product\/2450"}],"collection":[{"href":"https:\/\/nowa.cnctechnika.pl\/en\/wp-json\/wp\/v2\/product"}],"about":[{"href":"https:\/\/nowa.cnctechnika.pl\/en\/wp-json\/wp\/v2\/types\/product"}],"wp:featuredmedia":[{"embeddable":true,"href":"https:\/\/nowa.cnctechnika.pl\/en\/wp-json\/wp\/v2\/media\/2461"}],"wp:attachment":[{"href":"https:\/\/nowa.cnctechnika.pl\/en\/wp-json\/wp\/v2\/media?parent=2450"}],"curies":[{"name":"wp","href":"https:\/\/api.w.org\/{rel}","templated":true}]}}