{"id":2325,"date":"2020-08-06T08:00:06","date_gmt":"2020-08-06T08:00:06","guid":{"rendered":"http:\/\/nowa.cnctechnika.pl\/produkt\/kaszerowka-cnc-500-h-copy\/"},"modified":"2020-09-25T12:43:26","modified_gmt":"2020-09-25T12:43:26","slug":"kaszerowka-cnc-500-h-copy","status":"publish","type":"product","link":"https:\/\/nowa.cnctechnika.pl\/en\/produkt\/kaszerowka-cnc-500-h-copy\/","title":{"rendered":"Kaszer\u00f3wka CNC 500"},"content":{"rendered":"<ul>\n<li>maszyna do powierzchniowego nak\u0142adania kleju na papier, tektur\u0119, tworzywa sztuczne, sk\u00f3r\u0119<\/li>\n<li>aplikowanie kleju na zimno<\/li>\n<li>regulacja ilo\u015bci nak\u0142adanego kleju<\/li>\n<li>regulacja pr\u0119dko\u015bci kaszerowania<\/li>\n<\/ul>\n<p>&nbsp;<\/p>\n<table>\n<tbody>\n<tr>\n<td>d\u0142ugo\u015b\u0107 wa\u0142k\u00f3w (szer. kaszerowania)<\/td>\n<td>485 mm<\/td>\n<\/tr>\n<tr>\n<td>pr\u0119dko\u015b\u0107 kaszerowania<\/td>\n<td>0 &#8211; 14 m\/min<\/td>\n<\/tr>\n<tr>\n<td>pojemno\u015b\u0107 kuwety klejowej<\/td>\n<td>4 L<\/td>\n<\/tr>\n<tr>\n<td>moc<\/td>\n<td>300 W<\/td>\n<\/tr>\n<tr>\n<td>zasilanie<\/td>\n<td>230 V<\/td>\n<\/tr>\n<tr>\n<td>waga (bez kleju i wody)<\/td>\n<td>80 kg<\/td>\n<\/tr>\n<tr>\n<td>wymiar (bez \/ z zakraplaczem)<\/td>\n<td>900 x 610 x 1170 \/ 1600 mm<\/td>\n<\/tr>\n<\/tbody>\n<\/table>\n<p>&nbsp;<\/p>\n","protected":false},"excerpt":{"rendered":"<p>maszyna do powierzchniowego nak\u0142adania kleju na papier, tektur\u0119, tworzywa sztuczne, sk\u00f3r\u0119 aplikowanie kleju na zimno regulacja ilo\u015bci nak\u0142adanego kleju regulacja pr\u0119dko\u015bci kaszerowania &nbsp; d\u0142ugo\u015b\u0107 wa\u0142k\u00f3w (szer. kaszerowania) 485 mm pr\u0119dko\u015b\u0107 kaszerowania 0 &#8211; 14 m\/min pojemno\u015b\u0107 kuwety klejowej 4 L moc 300 W zasilanie 230 V waga (bez kleju i wody) 80 kg wymiar (bez [&hellip;]<\/p>\n","protected":false},"featured_media":2913,"template":"","meta":[],"_links":{"self":[{"href":"https:\/\/nowa.cnctechnika.pl\/en\/wp-json\/wp\/v2\/product\/2325"}],"collection":[{"href":"https:\/\/nowa.cnctechnika.pl\/en\/wp-json\/wp\/v2\/product"}],"about":[{"href":"https:\/\/nowa.cnctechnika.pl\/en\/wp-json\/wp\/v2\/types\/product"}],"wp:featuredmedia":[{"embeddable":true,"href":"https:\/\/nowa.cnctechnika.pl\/en\/wp-json\/wp\/v2\/media\/2913"}],"wp:attachment":[{"href":"https:\/\/nowa.cnctechnika.pl\/en\/wp-json\/wp\/v2\/media?parent=2325"}],"curies":[{"name":"wp","href":"https:\/\/api.w.org\/{rel}","templated":true}]}}