{"id":2109,"date":"2020-07-02T13:35:49","date_gmt":"2020-07-02T13:35:49","guid":{"rendered":"http:\/\/nowa.cnctechnika.pl\/?post_type=product&#038;p=2109"},"modified":"2020-09-25T12:55:17","modified_gmt":"2020-09-25T12:55:17","slug":"oklejarka-k8-do-opraw-miekkich-2","status":"publish","type":"product","link":"https:\/\/nowa.cnctechnika.pl\/en\/produkt\/oklejarka-k8-do-opraw-miekkich-2\/","title":{"rendered":"OKLEJARKA K8 DO OPRAW MI\u0118KKICH"},"content":{"rendered":"<p>&nbsp;<\/p>\n<p>&nbsp;<\/p>\n<ul>\n<li>tryb pracy\u00a0 manualny i automatyczny<\/li>\n<li>klejenie grzbietowe i klejenie boczne<\/li>\n<li>klej hot &#8211; melt<\/li>\n<li>frez planetarny (9 z\u0119b\u00f3w)<\/li>\n<li>dotykowy, 7 calowy wy\u015bwietlacz LCD<\/li>\n<li>r\u0119czne podawanie bloku ksi\u0105\u017cki<\/li>\n<li>r\u0119czne podawanie ok\u0142adki<\/li>\n<li>automatyczny zacisk ok\u0142adki<\/li>\n<li>automatyczny zacisk bloku ksi\u0105\u017cki<\/li>\n<li>regulacja docisku ok\u0142adki<\/li>\n<li>3 rolki klejowe<\/li>\n<li>mo\u017cliwo\u015b\u0107 wykonywania opraw zar\u00f3wno z ok\u0142adk\u0105, jak i bez ok\u0142adki<\/li>\n<li>mo\u017cliwo\u015b\u0107 wykonywania opraw przy zastosowaniu freza, jak i bez frezowania kraw\u0119dzi bloku ksi\u0105\u017cki<\/li>\n<\/ul>\n<p>&nbsp;<\/p>\n<p>&nbsp;<\/p>\n<table>\n<tbody>\n<tr>\n<td>d\u0142ugo\u015b\u0107 klejonego grzbietu<\/td>\n<td>440 mm<\/td>\n<\/tr>\n<tr>\n<td>grubo\u015b\u0107 klejonego grzbietu<\/td>\n<td>60 mm<\/td>\n<\/tr>\n<tr>\n<td>szybko\u015b\u0107 klejenia<\/td>\n<td>300 &#8211; 450 opraw \/ godz.<\/td>\n<\/tr>\n<tr>\n<td>czas nagrzewania kleju<\/td>\n<td>40 min<\/td>\n<\/tr>\n<tr>\n<td>zasilanie<\/td>\n<td>230 V<\/td>\n<\/tr>\n<tr>\n<td>waga maszyny<\/td>\n<td>300 kg<\/td>\n<\/tr>\n<tr>\n<td>wym. maszyny (szer. x g\u0142. x wys.)<\/td>\n<td>1680 (1845) x 750 x 1140 mm<\/td>\n<\/tr>\n<\/tbody>\n<\/table>\n<p>&nbsp;<\/p>\n","protected":false},"excerpt":{"rendered":"<p>&nbsp; &nbsp; tryb pracy\u00a0 manualny i automatyczny klejenie grzbietowe i klejenie boczne klej hot &#8211; melt frez planetarny (9 z\u0119b\u00f3w) dotykowy, 7 calowy wy\u015bwietlacz LCD r\u0119czne podawanie bloku ksi\u0105\u017cki r\u0119czne podawanie ok\u0142adki automatyczny zacisk ok\u0142adki automatyczny zacisk bloku ksi\u0105\u017cki regulacja docisku ok\u0142adki 3 rolki klejowe mo\u017cliwo\u015b\u0107 wykonywania opraw zar\u00f3wno z ok\u0142adk\u0105, jak i bez ok\u0142adki [&hellip;]<\/p>\n","protected":false},"featured_media":2354,"template":"","meta":[],"_links":{"self":[{"href":"https:\/\/nowa.cnctechnika.pl\/en\/wp-json\/wp\/v2\/product\/2109"}],"collection":[{"href":"https:\/\/nowa.cnctechnika.pl\/en\/wp-json\/wp\/v2\/product"}],"about":[{"href":"https:\/\/nowa.cnctechnika.pl\/en\/wp-json\/wp\/v2\/types\/product"}],"wp:featuredmedia":[{"embeddable":true,"href":"https:\/\/nowa.cnctechnika.pl\/en\/wp-json\/wp\/v2\/media\/2354"}],"wp:attachment":[{"href":"https:\/\/nowa.cnctechnika.pl\/en\/wp-json\/wp\/v2\/media?parent=2109"}],"curies":[{"name":"wp","href":"https:\/\/api.w.org\/{rel}","templated":true}]}}