{"id":2088,"date":"2020-07-02T12:03:49","date_gmt":"2020-07-02T12:03:49","guid":{"rendered":"http:\/\/nowa.cnctechnika.pl\/?post_type=product&#038;p=2088"},"modified":"2020-09-25T12:56:11","modified_gmt":"2020-09-25T12:56:11","slug":"oklejarka-k3-do-opraw-miekkich","status":"publish","type":"product","link":"https:\/\/nowa.cnctechnika.pl\/en\/produkt\/oklejarka-k3-do-opraw-miekkich\/","title":{"rendered":"OKLEJARKA K3 DO OPRAW MI\u0118KKICH"},"content":{"rendered":"<p>&nbsp;<\/p>\n<ul>\n<li>tryb pracy\u00a0 manualny i automatyczny<\/li>\n<li>klejenie grzbietowe<\/li>\n<li>klej hot &#8211; melt<\/li>\n<li>frez planetarny (9 z\u0119b\u00f3w)<\/li>\n<li>dotykowy, 7 calowy wy\u015bwietlacz LCD<\/li>\n<li>r\u0119czne podawanie bloku ksi\u0105\u017cki<\/li>\n<li>r\u0119czne podawanie ok\u0142adki<\/li>\n<li>automatyczny zacisk ok\u0142adki<\/li>\n<li>automatyczny zacisk bloku ksi\u0105\u017cki<\/li>\n<li>regulacja docisku ok\u0142adki<\/li>\n<li>1 rolka klejowa<\/li>\n<li>mo\u017cliwo\u015b\u0107 wykonywania opraw zar\u00f3wno z ok\u0142adk\u0105, jak i bez ok\u0142adki<\/li>\n<li>mo\u017cliwo\u015b\u0107 wykonywania opraw przy zastosowaniu freza, jak i bez frezowania kraw\u0119dzi bloku ksi\u0105\u017cki<\/li>\n<\/ul>\n<p>&nbsp;<\/p>\n<table>\n<tbody>\n<tr>\n<td>d\u0142ugo\u015b\u0107 klejonego grzbietu<\/td>\n<td>335 mm<\/td>\n<\/tr>\n<tr>\n<td>grubo\u015b\u0107 klejonego grzbietu<\/td>\n<td>60 mm<\/td>\n<\/tr>\n<tr>\n<td>szybko\u015b\u0107 klejenia<\/td>\n<td>200 &#8211; 350 opraw \/ godz.<\/td>\n<\/tr>\n<tr>\n<td>czas nagrzewania kleju<\/td>\n<td>35 min<\/td>\n<\/tr>\n<tr>\n<td>zasilanie<\/td>\n<td>230 V<\/td>\n<\/tr>\n<tr>\n<td>waga maszyny<\/td>\n<td>220 kg<\/td>\n<\/tr>\n<tr>\n<td>wym. maszyny (szer. x g\u0142. x wys.)<\/td>\n<td>1300 (1360) x 670 x 1080 mm<\/td>\n<\/tr>\n<\/tbody>\n<\/table>\n<p>&nbsp;<\/p>\n","protected":false},"excerpt":{"rendered":"<p>&nbsp; tryb pracy\u00a0 manualny i automatyczny klejenie grzbietowe klej hot &#8211; melt frez planetarny (9 z\u0119b\u00f3w) dotykowy, 7 calowy wy\u015bwietlacz LCD r\u0119czne podawanie bloku ksi\u0105\u017cki r\u0119czne podawanie ok\u0142adki automatyczny zacisk ok\u0142adki automatyczny zacisk bloku ksi\u0105\u017cki regulacja docisku ok\u0142adki 1 rolka klejowa mo\u017cliwo\u015b\u0107 wykonywania opraw zar\u00f3wno z ok\u0142adk\u0105, jak i bez ok\u0142adki mo\u017cliwo\u015b\u0107 wykonywania opraw przy [&hellip;]<\/p>\n","protected":false},"featured_media":2755,"template":"","meta":[],"_links":{"self":[{"href":"https:\/\/nowa.cnctechnika.pl\/en\/wp-json\/wp\/v2\/product\/2088"}],"collection":[{"href":"https:\/\/nowa.cnctechnika.pl\/en\/wp-json\/wp\/v2\/product"}],"about":[{"href":"https:\/\/nowa.cnctechnika.pl\/en\/wp-json\/wp\/v2\/types\/product"}],"wp:featuredmedia":[{"embeddable":true,"href":"https:\/\/nowa.cnctechnika.pl\/en\/wp-json\/wp\/v2\/media\/2755"}],"wp:attachment":[{"href":"https:\/\/nowa.cnctechnika.pl\/en\/wp-json\/wp\/v2\/media?parent=2088"}],"curies":[{"name":"wp","href":"https:\/\/api.w.org\/{rel}","templated":true}]}}