{"id":2038,"date":"2020-07-02T08:06:21","date_gmt":"2020-07-02T08:06:21","guid":{"rendered":"http:\/\/nowa.cnctechnika.pl\/?post_type=product&#038;p=2038"},"modified":"2021-12-14T14:51:54","modified_gmt":"2021-12-14T14:51:54","slug":"gilotyna-hi-tech-r5210","status":"publish","type":"product","link":"https:\/\/nowa.cnctechnika.pl\/en\/produkt\/gilotyna-hi-tech-r5210\/","title":{"rendered":"GILOTYNA HI &#8211; TECH R5210"},"content":{"rendered":"<ul>\n<li>gilotyna hydrauliczna<\/li>\n<li>hydrauliczny nap\u0119d no\u017ca i docisku<\/li>\n<li>programator cyfrowy<\/li>\n<li>pami\u0119\u0107 program\u00f3w ( 80 program\u00f3w, po 80 krok\u00f3w ka\u017cdy )<\/li>\n<li>regulacja si\u0142y docisku<\/li>\n<li>niezale\u017cnie opuszczany docisk<\/li>\n<li>dotykowy 7 calowy wy\u015bwietlacz LCD<\/li>\n<li>fotooptyczna bariera<\/li>\n<li>laser wskazuj\u0105cy miejsce ci\u0119cia<\/li>\n<\/ul>\n<p>&nbsp;<\/p>\n<table>\n<tbody>\n<tr>\n<td>szeroko\u015b\u0107 ci\u0119cia<\/td>\n<td>520 mm<\/td>\n<\/tr>\n<tr>\n<td>max. wysoko\u015b\u0107 stosu<\/td>\n<td>85 mm<\/td>\n<\/tr>\n<tr>\n<td>min. resztka<\/td>\n<td>20 mm<\/td>\n<\/tr>\n<tr>\n<td>zasilanie<\/td>\n<td>230V<\/td>\n<\/tr>\n<tr>\n<td>waga maszyny<\/td>\n<td>420 kg<\/td>\n<\/tr>\n<tr>\n<td>wym. maszyny (szer. x g\u0142. x wys.)<\/td>\n<td>1440 x 800 x 1430 mm<\/td>\n<\/tr>\n<\/tbody>\n<\/table>\n","protected":false},"excerpt":{"rendered":"<p>Pellentesque habitant morbi tristique senectus et netus et malesuada fames ac turpis egestas. Vestibulum tortor quam, feugiat vitae, ultricies eget, tempor sit amet, ante. Donec eu libero sit amet quam egestas semper. Aenean ultricies mi vitae est. Mauris placerat eleifend leo.<\/p>\n","protected":false},"featured_media":2300,"template":"","meta":[],"_links":{"self":[{"href":"https:\/\/nowa.cnctechnika.pl\/en\/wp-json\/wp\/v2\/product\/2038"}],"collection":[{"href":"https:\/\/nowa.cnctechnika.pl\/en\/wp-json\/wp\/v2\/product"}],"about":[{"href":"https:\/\/nowa.cnctechnika.pl\/en\/wp-json\/wp\/v2\/types\/product"}],"wp:featuredmedia":[{"embeddable":true,"href":"https:\/\/nowa.cnctechnika.pl\/en\/wp-json\/wp\/v2\/media\/2300"}],"wp:attachment":[{"href":"https:\/\/nowa.cnctechnika.pl\/en\/wp-json\/wp\/v2\/media?parent=2038"}],"curies":[{"name":"wp","href":"https:\/\/api.w.org\/{rel}","templated":true}]}}