{"id":2015,"date":"2020-06-29T12:20:05","date_gmt":"2020-06-29T12:20:05","guid":{"rendered":"http:\/\/nowa.cnctechnika.pl\/?post_type=product&#038;p=2015"},"modified":"2020-09-08T09:54:15","modified_gmt":"2020-09-08T09:54:15","slug":"bigowka-e460","status":"publish","type":"product","link":"https:\/\/nowa.cnctechnika.pl\/en\/produkt\/bigowka-e460\/","title":{"rendered":"BIG\u00d3WKO &#8211; PERFORATOR E460 elektryczny"},"content":{"rendered":"<p>&nbsp;<\/p>\n<ul>\n<li>dwa wymienne narz\u0119dzia ( do bigowania i do perforacji )<\/li>\n<li>wy\u0142\u0105cznik no\u017cny do inicjowania procesu bigowania i perforacji<\/li>\n<\/ul>\n<p>&nbsp;<\/p>\n<table>\n<tbody>\n<tr>\n<td>szeroko\u015b\u0107 bigowania\/perforacji<\/td>\n<td>460 mm<\/td>\n<\/tr>\n<tr>\n<td>grubo\u015b\u0107 bigu<\/td>\n<td>1,5 mm<\/td>\n<\/tr>\n<tr>\n<td>gramatura papieru<\/td>\n<td>&lt; 350 g<\/td>\n<\/tr>\n<tr>\n<td>nap\u0119d<\/td>\n<td>\u00a0elektryczny<\/td>\n<\/tr>\n<tr>\n<td>sterowanie<\/td>\n<td>wy\u0142\u0105cznik no\u017cny<\/td>\n<\/tr>\n<tr>\n<td>waga<\/td>\n<td>26 kg<\/td>\n<\/tr>\n<tr>\n<td>wym. maszyny (szer. x g\u0142. x wys.)<\/td>\n<td>535 x 700 x 240 mm<\/td>\n<\/tr>\n<\/tbody>\n<\/table>\n","protected":false},"excerpt":{"rendered":"<p>&nbsp; dwa wymienne narz\u0119dzia ( do bigowania i do perforacji ) wy\u0142\u0105cznik no\u017cny do inicjowania procesu bigowania i perforacji &nbsp; szeroko\u015b\u0107 bigowania\/perforacji 460 mm grubo\u015b\u0107 bigu 1,5 mm gramatura papieru &lt; 350 g nap\u0119d \u00a0elektryczny sterowanie wy\u0142\u0105cznik no\u017cny waga 26 kg wym. maszyny (szer. x g\u0142. x wys.) 535 x 700 x 240 mm<\/p>\n","protected":false},"featured_media":2380,"template":"","meta":[],"_links":{"self":[{"href":"https:\/\/nowa.cnctechnika.pl\/en\/wp-json\/wp\/v2\/product\/2015"}],"collection":[{"href":"https:\/\/nowa.cnctechnika.pl\/en\/wp-json\/wp\/v2\/product"}],"about":[{"href":"https:\/\/nowa.cnctechnika.pl\/en\/wp-json\/wp\/v2\/types\/product"}],"wp:featuredmedia":[{"embeddable":true,"href":"https:\/\/nowa.cnctechnika.pl\/en\/wp-json\/wp\/v2\/media\/2380"}],"wp:attachment":[{"href":"https:\/\/nowa.cnctechnika.pl\/en\/wp-json\/wp\/v2\/media?parent=2015"}],"curies":[{"name":"wp","href":"https:\/\/api.w.org\/{rel}","templated":true}]}}