{"id":2006,"date":"2020-06-29T11:49:54","date_gmt":"2020-06-29T11:49:54","guid":{"rendered":"http:\/\/nowa.cnctechnika.pl\/?post_type=product&#038;p=2006"},"modified":"2021-08-06T13:37:02","modified_gmt":"2021-08-06T13:37:02","slug":"bigowka-c35m1","status":"publish","type":"product","link":"https:\/\/nowa.cnctechnika.pl\/en\/produkt\/bigowka-c35m1\/","title":{"rendered":"BIG\u00d3WKA R\u0118CZNA C35M1"},"content":{"rendered":"<p>&nbsp;<\/p>\n<ul>\n<li>r\u0119czne urz\u0105dzenie do bigowania papier\u00f3w, czyli przegniatania papieru w celu jego estetycznego z\u0142o\u017cenia, o d\u0142ugo\u015bci bigu do 35cm.<\/li>\n<li>big\u00f3wka wyposa\u017cona jest w dwa ograniczniki, umo\u017cliwiaj\u0105ce precyzyjne spozycjonowanie bigu na arkuszu, blokowane magnesami do metalowego sto\u0142u roboczego oraz mechanicznie \u015brubami do bocznej prowadnicy.<\/li>\n<\/ul>\n<p>&nbsp;<\/p>\n<table>\n<tbody>\n<tr style=\"height: 24px;\">\n<td style=\"height: 24px;\">szeroko\u015b\u0107 bigowania<\/td>\n<td style=\"height: 24px;\">350 mm<\/td>\n<\/tr>\n<tr style=\"height: 24px;\">\n<td style=\"height: 24px;\">grubo\u015b\u0107 bigu<\/td>\n<td style=\"height: 24px;\">1,3 mm<\/td>\n<\/tr>\n<tr style=\"height: 26px;\">\n<td style=\"height: 26px;\">gramatura papieru<\/td>\n<td style=\"height: 26px;\">do 300 g\/m<sup>2<\/sup><\/td>\n<\/tr>\n<tr style=\"height: 24px;\">\n<td class=\"my_last_td\" style=\"height: 24px;\">waga<\/td>\n<td class=\"my_last_td\" style=\"height: 24px;\">8,9 kg<\/td>\n<\/tr>\n<tr style=\"height: 24px;\">\n<td style=\"height: 24px;\">wym. maszyny (szer. x g\u0142. x wys.)<\/td>\n<td style=\"height: 24px;\">380 x 600 x 125 mm<\/td>\n<\/tr>\n<\/tbody>\n<\/table>\n<p>&nbsp;<\/p>\n<p>&nbsp;<\/p>\n","protected":false},"excerpt":{"rendered":"<p>wdhfwlefqwjwef&#8217;\u00a0\u00a0 <img loading=\"lazy\" class=\"alignnone size-full wp-image-2364\" src=\"http:\/\/nowa.cnctechnika.pl\/wp-content\/uploads\/2020\/07\/klej_do_oklejarki_K3.jpg\" alt=\"\" width=\"591\" height=\"768\" srcset=\"https:\/\/nowa.cnctechnika.pl\/wp-content\/uploads\/2020\/07\/klej_do_oklejarki_K3.jpg 591w, https:\/\/nowa.cnctechnika.pl\/wp-content\/uploads\/2020\/07\/klej_do_oklejarki_K3-300x390.jpg 300w\" sizes=\"(max-width: 591px) 100vw, 591px\" \/><\/p>\n","protected":false},"featured_media":2368,"template":"","meta":[],"_links":{"self":[{"href":"https:\/\/nowa.cnctechnika.pl\/en\/wp-json\/wp\/v2\/product\/2006"}],"collection":[{"href":"https:\/\/nowa.cnctechnika.pl\/en\/wp-json\/wp\/v2\/product"}],"about":[{"href":"https:\/\/nowa.cnctechnika.pl\/en\/wp-json\/wp\/v2\/types\/product"}],"wp:featuredmedia":[{"embeddable":true,"href":"https:\/\/nowa.cnctechnika.pl\/en\/wp-json\/wp\/v2\/media\/2368"}],"wp:attachment":[{"href":"https:\/\/nowa.cnctechnika.pl\/en\/wp-json\/wp\/v2\/media?parent=2006"}],"curies":[{"name":"wp","href":"https:\/\/api.w.org\/{rel}","templated":true}]}}