{"id":1937,"date":"2020-06-08T20:54:26","date_gmt":"2020-06-08T20:54:26","guid":{"rendered":"http:\/\/nowa.cnctechnika.pl\/produkt\/cnc-4529-p200-copy\/"},"modified":"2022-02-07T14:34:43","modified_gmt":"2022-02-07T14:34:43","slug":"cnc-4529-p200-copy","status":"publish","type":"product","link":"https:\/\/nowa.cnctechnika.pl\/en\/produkt\/cnc-4529-p200-copy\/","title":{"rendered":"Prasa do hotstampingu CNC 2115 &#8211; P80"},"content":{"rendered":"<p>&nbsp;<\/p>\n<ul>\n<li>automatyczne przewijanie folii do z\u0142ocenia<\/li>\n<li>regulacja czasu wygrzewania<\/li>\n<li>automatyczny\/pneumatyczny docisk p\u0142yty grzejnej<\/li>\n<li>automatyczny licznik<\/li>\n<li>st\u00f3\u0142 krzy\u017cowy &#8211; wyposa\u017cenie opcjonalne<\/li>\n<li>ramka do monta\u017cu matryc i czcionek &#8211; wyposa\u017cenie opcjonalne<\/li>\n<\/ul>\n<p>&nbsp;<\/p>\n<p>&nbsp;<\/p>\n<table>\n<tbody>\n<tr style=\"height: 24px;\">\n<td style=\"height: 24px; width: 67.1159%;\">wielko\u015b\u0107 p\u0142yty grzejnej<\/td>\n<td style=\"height: 24px; width: 30.7278%;\">210 x 150 mm<\/td>\n<\/tr>\n<tr style=\"height: 48px;\">\n<td style=\"height: 48px; width: 67.1159%;\">powierzchnia sto\u0142u roboczego<\/td>\n<td style=\"height: 48px; width: 30.7278%;\">5490 x 350 mm<\/td>\n<\/tr>\n<tr style=\"height: 48px;\">\n<td style=\"height: 48px; width: 67.1159%;\">regul. temp. grzania z wy\u015bwietlacza<\/td>\n<td style=\"height: 48px; width: 30.7278%;\">do 200 \u00b0C<\/td>\n<\/tr>\n<tr style=\"height: 24px;\">\n<td style=\"height: 24px; width: 67.1159%;\">szczelina robocza bez ramki<\/td>\n<td style=\"height: 24px; width: 30.7278%;\">85 mm<\/td>\n<\/tr>\n<tr style=\"height: 24px;\">\n<td style=\"height: 24px; width: 67.1159%;\">wysoko\u015b\u0107 z\u0142oconego stosu<\/td>\n<td style=\"height: 24px; width: 30.7278%;\">75 mm<\/td>\n<\/tr>\n<tr style=\"height: 24px;\">\n<td style=\"height: 24px; width: 67.1159%;\">\u015brednica t\u0142oka<\/td>\n<td style=\"height: 24px; width: 30.7278%;\">80 mm<\/td>\n<\/tr>\n<tr style=\"height: 24px;\">\n<td style=\"height: 24px; width: 67.1159%;\">si\u0142\u0105 nacisku prasy<\/td>\n<td style=\"height: 24px; width: 30.7278%;\"><span style=\"font-size: 10pt;\">do<\/span> 0,6 T<\/td>\n<\/tr>\n<tr style=\"height: 24px;\">\n<td style=\"height: 24px; width: 67.1159%;\">ci\u015bnienie powietrza zasilaj\u0105cego<\/td>\n<td style=\"height: 24px; width: 30.7278%;\">0,8 &#8211; 1,2 MPa<\/td>\n<\/tr>\n<tr style=\"height: 24px;\">\n<td style=\"height: 24px; width: 67.1159%;\">wysoko\u015b\u0107 z\u0142oconego stosu<\/td>\n<td style=\"height: 24px; width: 30.7278%;\">75 mm<\/td>\n<\/tr>\n<tr style=\"height: 24px;\">\n<td style=\"height: 24px; width: 67.1159%;\">\u015brednica t\u0142oka<\/td>\n<td style=\"height: 24px; width: 30.7278%;\">80 mm<\/td>\n<\/tr>\n<tr style=\"height: 24px;\">\n<td style=\"height: 24px; width: 67.1159%;\">si\u0142\u0105 nacisku prasy<\/td>\n<td style=\"height: 24px; width: 30.7278%;\"><span style=\"font-size: 10pt;\">do<\/span> 0,6 T<\/td>\n<\/tr>\n<tr style=\"height: 24px;\">\n<td style=\"height: 24px; width: 67.1159%;\">ci\u015bnienie powietrza zasilaj\u0105cego<\/td>\n<td style=\"height: 24px; width: 30.7278%;\">0,8 &#8211; 1,2 MPa<\/td>\n<\/tr>\n<tr style=\"height: 24px;\">\n<td style=\"height: 24px; width: 67.1159%;\">pob\u00f3r pr\u0105du<\/td>\n<td style=\"height: 24px; width: 30.7278%;\">900 W<\/td>\n<\/tr>\n<tr style=\"height: 24px;\">\n<td style=\"height: 24px; width: 67.1159%;\">zasilanie<\/td>\n<td style=\"height: 24px; width: 30.7278%;\">230 V<\/td>\n<\/tr>\n<tr style=\"height: 24px;\">\n<td style=\"height: 24px; width: 67.1159%;\">waga maszyny<\/td>\n<td style=\"height: 24px; width: 30.7278%;\">180 kg<\/td>\n<\/tr>\n<tr style=\"height: 24px;\">\n<td style=\"height: 24px; width: 67.1159%;\">wym.maszyny (szer. x g\u0142. x wys.)<\/td>\n<td style=\"height: 24px; width: 30.7278%;\">1000 x 760 x 1800 mm<\/td>\n<\/tr>\n<\/tbody>\n<\/table>\n","protected":false},"excerpt":{"rendered":"<p>&nbsp; automatyczne przewijanie folii do z\u0142ocenia regulacja czasu wygrzewania automatyczny\/pneumatyczny docisk p\u0142yty grzejnej automatyczny licznik st\u00f3\u0142 krzy\u017cowy &#8211; wyposa\u017cenie opcjonalne ramka do monta\u017cu matryc i czcionek &#8211; wyposa\u017cenie opcjonalne &nbsp; &nbsp; wielko\u015b\u0107 p\u0142yty grzejnej 210 x 150 mm powierzchnia sto\u0142u roboczego 5490 x 350 mm regul. temp. grzania z wy\u015bwietlacza do 200 \u00b0C szczelina robocza [&hellip;]<\/p>\n","protected":false},"featured_media":2513,"template":"","meta":[],"_links":{"self":[{"href":"https:\/\/nowa.cnctechnika.pl\/en\/wp-json\/wp\/v2\/product\/1937"}],"collection":[{"href":"https:\/\/nowa.cnctechnika.pl\/en\/wp-json\/wp\/v2\/product"}],"about":[{"href":"https:\/\/nowa.cnctechnika.pl\/en\/wp-json\/wp\/v2\/types\/product"}],"wp:featuredmedia":[{"embeddable":true,"href":"https:\/\/nowa.cnctechnika.pl\/en\/wp-json\/wp\/v2\/media\/2513"}],"wp:attachment":[{"href":"https:\/\/nowa.cnctechnika.pl\/en\/wp-json\/wp\/v2\/media?parent=1937"}],"curies":[{"name":"wp","href":"https:\/\/api.w.org\/{rel}","templated":true}]}}