{"id":1695,"date":"2020-03-17T13:56:03","date_gmt":"2020-03-17T13:56:03","guid":{"rendered":"http:\/\/nowa.cnctechnika.pl\/?post_type=product&#038;p=1695"},"modified":"2020-08-12T12:15:46","modified_gmt":"2020-08-12T12:15:46","slug":"cnc-2115-p125-rotax","status":"publish","type":"product","link":"https:\/\/nowa.cnctechnika.pl\/en\/produkt\/cnc-2115-p125-rotax\/","title":{"rendered":"Prasa do hotstampingu CNC 2115 &#8211; P125 ROTAX"},"content":{"rendered":"<ul>\n<li>automatyczne przewijanie folii do z\u0142ocenia<\/li>\n<li>regulacja czasu wygrzewania<\/li>\n<li>automatyczny \/ pneumatyczny docisk p\u0142yty grzejnej<\/li>\n<li>automatyczny licznik<\/li>\n<li>st\u00f3\u0142 obrotowy<\/li>\n<li>system wizyjny rozpoznawania obrazu &#8211; wyposa\u017cenie opcjonalne<\/li>\n<li>rami\u0119 robota &#8211; wyposa\u017cenie opcjonalne<\/li>\n<\/ul>\n<p>&nbsp;<\/p>\n<table>\n<tbody>\n<tr>\n<td>wielko\u015b\u0107 p\u0142yty grzejnej<\/td>\n<td>210 x 150 mm<\/td>\n<\/tr>\n<tr>\n<td>\u015brednica sto\u0142u roboczego<\/td>\n<td>510 mm<\/td>\n<\/tr>\n<tr>\n<td>regul. temp. grzania<\/td>\n<td>do 300 C<\/td>\n<\/tr>\n<tr>\n<td>szczelina robocza bez ramki<\/td>\n<td>100 mm<\/td>\n<\/tr>\n<tr>\n<td>wysoko\u015b\u0107 z\u0142oconego stosu<\/td>\n<td>90 mm<\/td>\n<\/tr>\n<tr>\n<td>\u015brednica t\u0142oka<\/td>\n<td>200 mm<\/td>\n<\/tr>\n<tr>\n<td>si\u0142a nacisku prasy<\/td>\n<td>do 1,8 T<\/td>\n<\/tr>\n<tr>\n<td>ci\u015bnienie powietrza zasilaj\u0105cego<\/td>\n<td>0,8 \u2013 1,2 MPa<\/td>\n<\/tr>\n<tr>\n<td>pob\u00f3r pr\u0105du<\/td>\n<td>1100 W<\/td>\n<\/tr>\n<tr>\n<td>zasilanie<\/td>\n<td>230 V<\/td>\n<\/tr>\n<tr>\n<td>waga maszyny<\/td>\n<td>300 kg<\/td>\n<\/tr>\n<tr>\n<td class=\"my_last_td\">wym. maszyny (szer. x g\u0142. x wys.)<\/td>\n<td class=\"my_last_td\">1300 x 950 x 1850 mm<\/td>\n<\/tr>\n<\/tbody>\n<\/table>\n","protected":false},"excerpt":{"rendered":"<p>automatyczne przewijanie folii do z\u0142ocenia regulacja czasu wygrzewania automatyczny \/ pneumatyczny docisk p\u0142yty grzejnej automatyczny licznik st\u00f3\u0142 obrotowy system wizyjny rozpoznawania obrazu &#8211; wyposa\u017cenie opcjonalne rami\u0119 robota &#8211; wyposa\u017cenie opcjonalne &nbsp; wielko\u015b\u0107 p\u0142yty grzejnej 210 x 150 mm \u015brednica sto\u0142u roboczego 510 mm regul. temp. grzania do 300 C szczelina robocza bez ramki 100 mm [&hellip;]<\/p>\n","protected":false},"featured_media":2493,"template":"","meta":[],"_links":{"self":[{"href":"https:\/\/nowa.cnctechnika.pl\/en\/wp-json\/wp\/v2\/product\/1695"}],"collection":[{"href":"https:\/\/nowa.cnctechnika.pl\/en\/wp-json\/wp\/v2\/product"}],"about":[{"href":"https:\/\/nowa.cnctechnika.pl\/en\/wp-json\/wp\/v2\/types\/product"}],"wp:featuredmedia":[{"embeddable":true,"href":"https:\/\/nowa.cnctechnika.pl\/en\/wp-json\/wp\/v2\/media\/2493"}],"wp:attachment":[{"href":"https:\/\/nowa.cnctechnika.pl\/en\/wp-json\/wp\/v2\/media?parent=1695"}],"curies":[{"name":"wp","href":"https:\/\/api.w.org\/{rel}","templated":true}]}}