{"id":1691,"date":"2020-03-17T13:49:08","date_gmt":"2020-03-17T13:49:08","guid":{"rendered":"http:\/\/nowa.cnctechnika.pl\/?post_type=product&#038;p=1691"},"modified":"2023-06-26T14:01:13","modified_gmt":"2023-06-26T14:01:13","slug":"cnc-3121-p125-aut","status":"publish","type":"product","link":"https:\/\/nowa.cnctechnika.pl\/en\/produkt\/cnc-3121-p125-aut\/","title":{"rendered":"Prasa do hotstampingu CNC 3121 &#8211; P125 Aut"},"content":{"rendered":"<ul>\n<li>automatyczne przewijanie folii do z\u0142ocenia<\/li>\n<li>regulacja czasu wygrzewania<\/li>\n<li>automatyczny \/ pneumatyczny docisk p\u0142yty grzejnej<\/li>\n<li>automatyczny licznik<\/li>\n<li>st\u00f3\u0142 krzy\u017cowy \u2013 wyposa\u017cenie opcjonalne<\/li>\n<li>ramka do monta\u017cu matryc i czcionek &#8211; wyposa\u017cenie opcjonalne<\/li>\n<\/ul>\n<p>&nbsp;<\/p>\n<table>\n<tbody>\n<tr>\n<td>wielko\u015b\u0107 p\u0142yty grzejnej<\/td>\n<td>310 x 210 mm<\/td>\n<\/tr>\n<tr>\n<td>powierzchnia sto\u0142u roboczego<\/td>\n<td>450 x 390 mm<\/td>\n<\/tr>\n<tr>\n<td>regul. temp. grzania z wy\u015bwietlacza<\/td>\n<td>do 300 C<\/td>\n<\/tr>\n<tr>\n<td>szczelina robocza bez ramki<\/td>\n<td>88 mm<\/td>\n<\/tr>\n<tr>\n<td>wysoko\u015b\u0107 z\u0142oconego stosu<\/td>\n<td>80 mm<\/td>\n<\/tr>\n<tr>\n<td>\u015brednica t\u0142oka<\/td>\n<td>125 mm<\/td>\n<\/tr>\n<tr>\n<td>si\u0142a nacisku prasy<\/td>\n<td>do 1,8 T<\/td>\n<\/tr>\n<tr>\n<td>ci\u015bnienie powietrza zasilaj\u0105cego<\/td>\n<td>0,8 \u2013 1,2 MPa<\/td>\n<\/tr>\n<tr>\n<td>pob\u00f3r pr\u0105du<\/td>\n<td>1500 W<\/td>\n<\/tr>\n<tr>\n<td>zasilanie<\/td>\n<td>230 V<\/td>\n<\/tr>\n<tr>\n<td>waga maszyny<\/td>\n<td>405 kg<\/td>\n<\/tr>\n<tr>\n<td class=\"my_last_td\">wym. maszyny (szer. x g\u0142. x wys.)<\/td>\n<td class=\"my_last_td\">1170 x 1182 x 1830 mm<\/td>\n<\/tr>\n<\/tbody>\n<\/table>\n<p>&nbsp;<\/p>\n","protected":false},"excerpt":{"rendered":"<p>automatyczne przewijanie folii do z\u0142ocenia regulacja czasu wygrzewania automatyczny \/ pneumatyczny docisk p\u0142yty grzejnej automatyczny licznik st\u00f3\u0142 krzy\u017cowy \u2013 wyposa\u017cenie opcjonalne ramka do monta\u017cu matryc i czcionek &#8211; wyposa\u017cenie opcjonalne &nbsp; wielko\u015b\u0107 p\u0142yty grzejnej 310 x 210 mm powierzchnia sto\u0142u roboczego 450 x 390 mm regul. temp. grzania z wy\u015bwietlacza do 300 C szczelina robocza [&hellip;]<\/p>\n","protected":false},"featured_media":2525,"template":"","meta":[],"_links":{"self":[{"href":"https:\/\/nowa.cnctechnika.pl\/en\/wp-json\/wp\/v2\/product\/1691"}],"collection":[{"href":"https:\/\/nowa.cnctechnika.pl\/en\/wp-json\/wp\/v2\/product"}],"about":[{"href":"https:\/\/nowa.cnctechnika.pl\/en\/wp-json\/wp\/v2\/types\/product"}],"wp:featuredmedia":[{"embeddable":true,"href":"https:\/\/nowa.cnctechnika.pl\/en\/wp-json\/wp\/v2\/media\/2525"}],"wp:attachment":[{"href":"https:\/\/nowa.cnctechnika.pl\/en\/wp-json\/wp\/v2\/media?parent=1691"}],"curies":[{"name":"wp","href":"https:\/\/api.w.org\/{rel}","templated":true}]}}