{"id":1690,"date":"2020-03-17T13:47:47","date_gmt":"2020-03-17T13:47:47","guid":{"rendered":"http:\/\/nowa.cnctechnika.pl\/?post_type=product&#038;p=1690"},"modified":"2023-06-26T14:20:28","modified_gmt":"2023-06-26T14:20:28","slug":"cnc-3121-p125","status":"publish","type":"product","link":"https:\/\/nowa.cnctechnika.pl\/en\/produkt\/cnc-3121-p125\/","title":{"rendered":"Prasa do hotstampingu CNC 3121 &#8211; P125"},"content":{"rendered":"<ul>\n<li>automatyczne przewijanie folii do z\u0142ocenia<\/li>\n<li>regulacja czasu wygrzewania<\/li>\n<li>automatyczny \/ pneumatyczny docisk p\u0142yty grzejnej<\/li>\n<li>automatyczny licznik<\/li>\n<li>st\u00f3\u0142 krzy\u017cowy \u2013 wyposa\u017cenie opcjonalne<\/li>\n<li>ramka do monta\u017cu matryc i czcionek &#8211; wyposa\u017cenie opcjonalne<\/li>\n<\/ul>\n<p>&nbsp;<\/p>\n<table style=\"width: 56.3204%; height: 288px;\">\n<tbody>\n<tr style=\"height: 24px;\">\n<td style=\"height: 24px; width: 59.4848%;\">wielko\u015b\u0107 p\u0142yty grzejnej<\/td>\n<td style=\"height: 24px; width: 38.8759%;\">310 x 210 mm<\/td>\n<\/tr>\n<tr style=\"height: 24px;\">\n<td style=\"height: 24px; width: 59.4848%;\">powierzchnia sto\u0142u roboczego<\/td>\n<td style=\"height: 24px; width: 38.8759%;\">460 x 290 mm<\/td>\n<\/tr>\n<tr style=\"height: 24px;\">\n<td style=\"height: 24px; width: 59.4848%;\">regul. temp. grzania z wy\u015bwietlacza<\/td>\n<td style=\"height: 24px; width: 38.8759%;\">do 300 C<\/td>\n<\/tr>\n<tr style=\"height: 24px;\">\n<td style=\"height: 24px; width: 59.4848%;\">szczelina robocza bez ramki<\/td>\n<td style=\"height: 24px; width: 38.8759%;\">88 mm<\/td>\n<\/tr>\n<tr style=\"height: 24px;\">\n<td style=\"height: 24px; width: 59.4848%;\">wysoko\u015b\u0107 z\u0142oconego stosu<\/td>\n<td style=\"height: 24px; width: 38.8759%;\">80 mm<\/td>\n<\/tr>\n<tr style=\"height: 24px;\">\n<td style=\"height: 24px; width: 59.4848%;\">\u015brednica t\u0142oka<\/td>\n<td style=\"height: 24px; width: 38.8759%;\">125 mm<\/td>\n<\/tr>\n<tr style=\"height: 24px;\">\n<td style=\"height: 24px; width: 59.4848%;\">si\u0142a nacisku prasy<\/td>\n<td style=\"height: 24px; width: 38.8759%;\">do 1,8 T<\/td>\n<\/tr>\n<tr style=\"height: 24px;\">\n<td style=\"height: 24px; width: 59.4848%;\">ci\u015bnienie powietrza zasilaj\u0105cego<\/td>\n<td style=\"height: 24px; width: 38.8759%;\">0,8 \u2013 1,2 MPa<\/td>\n<\/tr>\n<tr style=\"height: 24px;\">\n<td style=\"height: 24px; width: 59.4848%;\">pob\u00f3r pr\u0105du<\/td>\n<td style=\"height: 24px; width: 38.8759%;\">1500 W<\/td>\n<\/tr>\n<tr style=\"height: 24px;\">\n<td style=\"height: 24px; width: 59.4848%;\">zasilanie<\/td>\n<td style=\"height: 24px; width: 38.8759%;\">230 V<\/td>\n<\/tr>\n<tr style=\"height: 24px;\">\n<td style=\"height: 24px; width: 59.4848%;\">waga maszyny<\/td>\n<td style=\"height: 24px; width: 38.8759%;\">205 kg<\/td>\n<\/tr>\n<tr style=\"height: 24px;\">\n<td class=\"my_last_td\" style=\"height: 24px; width: 59.4848%;\">wym. maszyny (szer. x g\u0142. x wys.)<\/td>\n<td class=\"my_last_td\" style=\"height: 24px; width: 38.8759%;\">1070 x 860 x 1720 mm<\/td>\n<\/tr>\n<\/tbody>\n<\/table>\n","protected":false},"excerpt":{"rendered":"<p>automatyczne przewijanie folii do z\u0142ocenia regulacja czasu wygrzewania automatyczny \/ pneumatyczny docisk p\u0142yty grzejnej automatyczny licznik st\u00f3\u0142 krzy\u017cowy \u2013 wyposa\u017cenie opcjonalne ramka do monta\u017cu matryc i czcionek &#8211; wyposa\u017cenie opcjonalne &nbsp; wielko\u015b\u0107 p\u0142yty grzejnej 310 x 210 mm powierzchnia sto\u0142u roboczego 460 x 290 mm regul. temp. grzania z wy\u015bwietlacza do 300 C szczelina robocza [&hellip;]<\/p>\n","protected":false},"featured_media":2532,"template":"","meta":[],"_links":{"self":[{"href":"https:\/\/nowa.cnctechnika.pl\/en\/wp-json\/wp\/v2\/product\/1690"}],"collection":[{"href":"https:\/\/nowa.cnctechnika.pl\/en\/wp-json\/wp\/v2\/product"}],"about":[{"href":"https:\/\/nowa.cnctechnika.pl\/en\/wp-json\/wp\/v2\/types\/product"}],"wp:featuredmedia":[{"embeddable":true,"href":"https:\/\/nowa.cnctechnika.pl\/en\/wp-json\/wp\/v2\/media\/2532"}],"wp:attachment":[{"href":"https:\/\/nowa.cnctechnika.pl\/en\/wp-json\/wp\/v2\/media?parent=1690"}],"curies":[{"name":"wp","href":"https:\/\/api.w.org\/{rel}","templated":true}]}}