{"id":1669,"date":"2020-03-17T13:42:46","date_gmt":"2020-03-17T13:42:46","guid":{"rendered":"http:\/\/nowa.cnctechnika.pl\/?post_type=product&#038;p=1669"},"modified":"2022-02-07T11:29:49","modified_gmt":"2022-02-07T11:29:49","slug":"cnc-3121-r","status":"publish","type":"product","link":"https:\/\/nowa.cnctechnika.pl\/en\/produkt\/cnc-3121-r\/","title":{"rendered":"Prasa do hotstampingu CNC3121- R"},"content":{"rendered":"<ul>\n<li>automatyczne przewijanie folii do z\u0142ocenia<\/li>\n<li>regulacja czasu wygrzewania<\/li>\n<li>r\u0119czny, kolankowy docisk p\u0142yty grzejnej<\/li>\n<li>automatyczny licznik<\/li>\n<li>st\u00f3\u0142 krzy\u017cowy<\/li>\n<li>ramka do monta\u017cu matryc i czcionek &#8211; wyposa\u017cenie opcjonalne<\/li>\n<\/ul>\n<p>&nbsp;<\/p>\n<table>\n<tbody>\n<tr style=\"height: 24px;\">\n<td style=\"height: 24px;\">wielko\u015b\u0107 p\u0142yty grzejnej<\/td>\n<td style=\"height: 24px;\">310 x 210 mm<\/td>\n<\/tr>\n<tr style=\"height: 24px;\">\n<td style=\"height: 24px;\">powierzchnia sto\u0142u roboczego<\/td>\n<td style=\"height: 24px;\">550 x 450 mm<\/td>\n<\/tr>\n<tr style=\"height: 24px;\">\n<td style=\"height: 24px;\">regul. temp. grzania z wy\u015bwietlacza<\/td>\n<td style=\"height: 24px;\">do 300 0C<\/td>\n<\/tr>\n<tr style=\"height: 24px;\">\n<td style=\"height: 24px;\">szczelina robocza bez ramki<\/td>\n<td style=\"height: 24px;\">60 mm<\/td>\n<\/tr>\n<tr style=\"height: 24px;\">\n<td style=\"height: 24px;\">wysoko\u015b\u0107 z\u0142oconego stosu<\/td>\n<td style=\"height: 24px;\">50 mm<\/td>\n<\/tr>\n<tr style=\"height: 24px;\">\n<td style=\"height: 24px;\">si\u0142a nacisku prasy<\/td>\n<td style=\"height: 24px;\">do 3 T<\/td>\n<\/tr>\n<tr style=\"height: 24px;\">\n<td style=\"height: 24px;\">pob\u00f3r pr\u0105du<\/td>\n<td style=\"height: 24px;\">1500 W<\/td>\n<\/tr>\n<tr style=\"height: 24px;\">\n<td style=\"height: 24px;\">zasilanie<\/td>\n<td style=\"height: 24px;\">230 V<\/td>\n<\/tr>\n<tr style=\"height: 24px;\">\n<td style=\"height: 24px;\">waga maszyny<\/td>\n<td style=\"height: 24px;\">180 kg<\/td>\n<\/tr>\n<tr style=\"height: 24px;\">\n<td class=\"my_last_td\" style=\"height: 24px;\">wym. maszyny (szer. x g\u0142. x wys.)<\/td>\n<td class=\"my_last_td\" style=\"height: 24px;\">1000 x 760 x 1800 mm<\/td>\n<\/tr>\n<\/tbody>\n<\/table>\n","protected":false},"excerpt":{"rendered":"<p>automatyczne przewijanie folii do z\u0142ocenia regulacja czasu wygrzewania r\u0119czny, kolankowy docisk p\u0142yty grzejnej automatyczny licznik st\u00f3\u0142 krzy\u017cowy ramka do monta\u017cu matryc i czcionek &#8211; wyposa\u017cenie opcjonalne &nbsp; wielko\u015b\u0107 p\u0142yty grzejnej 310 x 210 mm powierzchnia sto\u0142u roboczego 550 x 450 mm regul. temp. grzania z wy\u015bwietlacza do 300 0C szczelina robocza bez ramki 60 mm [&hellip;]<\/p>\n","protected":false},"featured_media":2543,"template":"","meta":[],"_links":{"self":[{"href":"https:\/\/nowa.cnctechnika.pl\/en\/wp-json\/wp\/v2\/product\/1669"}],"collection":[{"href":"https:\/\/nowa.cnctechnika.pl\/en\/wp-json\/wp\/v2\/product"}],"about":[{"href":"https:\/\/nowa.cnctechnika.pl\/en\/wp-json\/wp\/v2\/types\/product"}],"wp:featuredmedia":[{"embeddable":true,"href":"https:\/\/nowa.cnctechnika.pl\/en\/wp-json\/wp\/v2\/media\/2543"}],"wp:attachment":[{"href":"https:\/\/nowa.cnctechnika.pl\/en\/wp-json\/wp\/v2\/media?parent=1669"}],"curies":[{"name":"wp","href":"https:\/\/api.w.org\/{rel}","templated":true}]}}