{"id":1604,"date":"2020-03-06T08:04:23","date_gmt":"2020-03-06T08:04:23","guid":{"rendered":"http:\/\/nowa.cnctechnika.pl\/?post_type=product&#038;p=1604"},"modified":"2020-04-14T07:07:09","modified_gmt":"2020-04-14T07:07:09","slug":"ramka-do-matryc","status":"publish","type":"product","link":"https:\/\/nowa.cnctechnika.pl\/en\/produkt\/ramka-do-matryc\/","title":{"rendered":"Ramka do matryc"},"content":{"rendered":"<p>Ramka do matryc \u2013 opcjonalne wyposa\u017cenie ka\u017cdej prasy do hot stampingu produkowanej przez CNCTECHNIK\u0118. Ramka s\u0142u\u017cy do mocowania pod grza\u0142k\u0105 prasy matryc lub czcionek. Matryce wyposa\u017cone w specjalne zamki mocowane s\u0105 w ramce za pomoc\u0105 listew mocuj\u0105cych wyposa\u017conych w wyci\u0119cia na zamki matryc. Zalet\u0105 tego systemu jest:<\/p>\n<ul>\n<li>szybki monta\u017c i demonta\u017c matryc, szczeg\u00f3lnie przy wykonywaniu wielu kr\u00f3tkich partii z\u0142ocenia. Mocowanie matrycy wymaga jedynie wysuni\u0119cia ranki spod p\u0142yty grzejnej, u\u0142o\u017cenia na niej listew mocuj\u0105cych, a na nich matrycy oraz wsuni\u0119cia ramki pod p\u0142yt\u0119 grzejn\u0105.<\/li>\n<li>ka\u017cdorazowe montownie matrycy w osi si\u0142ownika, gwarantuj\u0105ce r\u00f3wnomierne odbicie matrycy,<\/li>\n<li>sk\u0142adanie i mocowanie w wierszownikach czcionek oraz ich szybka wymiana,<\/li>\n<li>automatyczny licznik<\/li>\n<li>stabilno\u015b\u0107 monta\u017cu matryc i czcionek i rozgrzewanie ich do wysokich temperatur, nawet do 300\u00baC,<\/li>\n<li>mechaniczny monta\u017c matryc i czcionek, niewymagaj\u0105cy czyszczenia zar\u00f3wno matryc, jak i p\u0142yty grzejnej prasy.<\/li>\n<\/ul>\n","protected":false},"excerpt":{"rendered":"<p>Ramka do matryc \u2013 opcjonalne wyposa\u017cenie ka\u017cdej prasy do hot stampingu produkowanej przez CNCTECHNIK\u0118. Ramka s\u0142u\u017cy do mocowania pod grza\u0142k\u0105 prasy matryc lub czcionek. Matryce wyposa\u017cone w specjalne zamki mocowane s\u0105 w ramce za pomoc\u0105 listew mocuj\u0105cych wyposa\u017conych w wyci\u0119cia na zamki matryc. Zalet\u0105 tego systemu jest: szybki monta\u017c i demonta\u017c matryc, szczeg\u00f3lnie przy wykonywaniu [&hellip;]<\/p>\n","protected":false},"featured_media":1806,"template":"","meta":[],"_links":{"self":[{"href":"https:\/\/nowa.cnctechnika.pl\/en\/wp-json\/wp\/v2\/product\/1604"}],"collection":[{"href":"https:\/\/nowa.cnctechnika.pl\/en\/wp-json\/wp\/v2\/product"}],"about":[{"href":"https:\/\/nowa.cnctechnika.pl\/en\/wp-json\/wp\/v2\/types\/product"}],"wp:featuredmedia":[{"embeddable":true,"href":"https:\/\/nowa.cnctechnika.pl\/en\/wp-json\/wp\/v2\/media\/1806"}],"wp:attachment":[{"href":"https:\/\/nowa.cnctechnika.pl\/en\/wp-json\/wp\/v2\/media?parent=1604"}],"curies":[{"name":"wp","href":"https:\/\/api.w.org\/{rel}","templated":true}]}}