{"id":1590,"date":"2020-03-06T07:52:31","date_gmt":"2020-03-06T07:52:31","guid":{"rendered":"http:\/\/nowa.cnctechnika.pl\/produkt\/tuleje-copy\/"},"modified":"2020-04-21T11:53:36","modified_gmt":"2020-04-21T11:53:36","slug":"matryce","status":"publish","type":"product","link":"https:\/\/nowa.cnctechnika.pl\/en\/produkt\/matryce\/","title":{"rendered":"Matryce"},"content":{"rendered":"<p>Matryce \u2013 narz\u0119dzia do z\u0142ocenia (przy u\u017cyciu folii barwi\u0105cej) i t\u0142oczenia, tj. trwa\u0142ego odkszta\u0142cania materia\u0142\u00f3w, powierzchni materia\u0142\u00f3w (bez u\u017cycia folii).<\/p>\n<ul>\nIstnieje mo\u017cliwo\u015b\u0107 zastosowania r\u00f3\u017cnych rodzaj\u00f3w matryc:<\/p>\n<li>mosi\u0119\u017cnych (frezowanych) \u2013 do precyzyjnego z\u0142ocenia i t\u0142oczenia materia\u0142\u00f3w<\/li>\n<li>magnezowych (chemigraficznie trawionych) \u2013 ekonomicznych matryc do z\u0142ocenia i t\u0142oczenia materia\u0142\u00f3w<\/li>\n<li>silikonowych \u2013 do z\u0142ocenia twardych powierzchni materia\u0142\u00f3w, tj. twardych tworzyw, metali, drewna, itp<\/li>\n<\/ul>\n<ul>\n  Matryce mocowane s\u0105 do p\u0142yty grzejnej prasy do hot-stampingu za pomoc\u0105:<\/p>\n<li>ta\u015bm dwustronnie klej\u0105cych odpornych na temperatur\u0119, (podlinkowa\u0107) lub<\/li>\n<li>uchwyt\u00f3w mimo\u015brodowych lub przesuwnych do nawierconych p\u0142yt montowanych pod p\u0142yty grzejne prasy (podlinkowa\u0107) lub<\/li>\n<li>ramek i listew mocuj\u0105cych, jednak w tym przypadku matryce winny posiada\u0107 specjalne wyfrezowane zamki (podlinkowa\u0107)<\/li>\n<\/ul>\n","protected":false},"excerpt":{"rendered":"<p>Matryce \u2013 narz\u0119dzia do z\u0142ocenia (przy u\u017cyciu folii barwi\u0105cej) i t\u0142oczenia, tj. trwa\u0142ego odkszta\u0142cania materia\u0142\u00f3w, powierzchni materia\u0142\u00f3w (bez u\u017cycia folii). Istnieje mo\u017cliwo\u015b\u0107 zastosowania r\u00f3\u017cnych rodzaj\u00f3w matryc: mosi\u0119\u017cnych (frezowanych) \u2013 do precyzyjnego z\u0142ocenia i t\u0142oczenia materia\u0142\u00f3w magnezowych (chemigraficznie trawionych) \u2013 ekonomicznych matryc do z\u0142ocenia i t\u0142oczenia materia\u0142\u00f3w silikonowych \u2013 do z\u0142ocenia twardych powierzchni materia\u0142\u00f3w, tj. twardych [&hellip;]<\/p>\n","protected":false},"featured_media":1792,"template":"","meta":[],"_links":{"self":[{"href":"https:\/\/nowa.cnctechnika.pl\/en\/wp-json\/wp\/v2\/product\/1590"}],"collection":[{"href":"https:\/\/nowa.cnctechnika.pl\/en\/wp-json\/wp\/v2\/product"}],"about":[{"href":"https:\/\/nowa.cnctechnika.pl\/en\/wp-json\/wp\/v2\/types\/product"}],"wp:featuredmedia":[{"embeddable":true,"href":"https:\/\/nowa.cnctechnika.pl\/en\/wp-json\/wp\/v2\/media\/1792"}],"wp:attachment":[{"href":"https:\/\/nowa.cnctechnika.pl\/en\/wp-json\/wp\/v2\/media?parent=1590"}],"curies":[{"name":"wp","href":"https:\/\/api.w.org\/{rel}","templated":true}]}}