{"id":1576,"date":"2020-03-06T07:50:43","date_gmt":"2020-03-06T07:50:43","guid":{"rendered":"http:\/\/nowa.cnctechnika.pl\/produkt\/plyta-do-mocowania-matryc-na-zamki-rozsuwane-copy\/"},"modified":"2020-04-14T07:17:01","modified_gmt":"2020-04-14T07:17:01","slug":"plyta-do-mocowania-matryc-na-zamki-mimosrodowe","status":"publish","type":"product","link":"https:\/\/nowa.cnctechnika.pl\/en\/produkt\/plyta-do-mocowania-matryc-na-zamki-mimosrodowe\/","title":{"rendered":"P\u0142yta do mocowania matryc na zamki mimo\u015brodowe"},"content":{"rendered":"<p>P\u0142yta do mocowania matryc na zamki mimo\u015brodowe \u2013 opcjonalne wyposa\u017cenie ka\u017cdej prasy do hot stampingu, produkowanej przez CNCTECHNIK\u0118. P\u0142yta z g\u0119sto nawierconymi otworami pozwalaj\u0105ca na zamocowanie w niej zamk\u00f3w mimo\u015brodowych, a w nich za pomoc\u0105 specjalnego klucza umocowania matrycy do z\u0142ocenia. P\u0142yta z umocowan\u0105 w ten spos\u00f3b matryc\u0105 wsuwana jest w uchwyty na p\u0142ycie grzejnej prasy do hot stampingu.<\/p>\n<p>Zalet\u0105 tego systemu jest:<\/p>\n<ul>\n<li>mechaniczny monta\u017c matryc, szczeg\u00f3lnie przy wykonywaniu z\u0142ocenia i t\u0142oczenia przy wysokich temperaturach. Mocowanie matrycy wymaga wysuni\u0119cia i wyj\u0119cia p\u0142yty spod p\u0142yty grzejnej, odwr\u00f3cenia jej, zamocowania zamk\u00f3w w ilo\u015bci gwarantuj\u0105cej stabilno\u015b\u0107 mocowania matrycy, u\u0142o\u017ceniu matrycy mi\u0119dzy zamkami i dokr\u0119ceniu \u015brub zamk\u00f3w, odwr\u00f3cenia p\u0142yty z matryc\u0105 i zamocowaniu jej pod grza\u0142k\u0105 prasy.<\/li>\n<li>stabilno\u015b\u0107 monta\u017cu matryc i rozgrzewania ich do wysokich temperatur, nawet do 300\u00baC<\/li>\n<li>mechaniczny monta\u017c matryc, niewymagaj\u0105cy czyszczenia zar\u00f3wno matryc, jak i p\u0142yty grzejnej prasy.<\/li>\n<\/ul>\n","protected":false},"excerpt":{"rendered":"<p>P\u0142yta do mocowania matryc na zamki mimo\u015brodowe \u2013 opcjonalne wyposa\u017cenie ka\u017cdej prasy do hot stampingu, produkowanej przez CNCTECHNIK\u0118. P\u0142yta z g\u0119sto nawierconymi otworami pozwalaj\u0105ca na zamocowanie w niej zamk\u00f3w mimo\u015brodowych, a w nich za pomoc\u0105 specjalnego klucza umocowania matrycy do z\u0142ocenia. P\u0142yta z umocowan\u0105 w ten spos\u00f3b matryc\u0105 wsuwana jest w uchwyty na p\u0142ycie grzejnej [&hellip;]<\/p>\n","protected":false},"featured_media":1818,"template":"","meta":[],"_links":{"self":[{"href":"https:\/\/nowa.cnctechnika.pl\/en\/wp-json\/wp\/v2\/product\/1576"}],"collection":[{"href":"https:\/\/nowa.cnctechnika.pl\/en\/wp-json\/wp\/v2\/product"}],"about":[{"href":"https:\/\/nowa.cnctechnika.pl\/en\/wp-json\/wp\/v2\/types\/product"}],"wp:featuredmedia":[{"embeddable":true,"href":"https:\/\/nowa.cnctechnika.pl\/en\/wp-json\/wp\/v2\/media\/1818"}],"wp:attachment":[{"href":"https:\/\/nowa.cnctechnika.pl\/en\/wp-json\/wp\/v2\/media?parent=1576"}],"curies":[{"name":"wp","href":"https:\/\/api.w.org\/{rel}","templated":true}]}}